{"id":269,"date":"2018-11-15T06:02:03","date_gmt":"2018-11-15T06:02:03","guid":{"rendered":"http:\/\/www.urolasolutions.com\/?page_id=269"},"modified":"2018-11-21T07:09:37","modified_gmt":"2018-11-21T07:09:37","slug":"avis-legal-et-politique-de-confidentialite","status":"publish","type":"page","link":"https:\/\/www.urolasolutions.com\/fr\/avis-legal-et-politique-de-confidentialite\/","title":{"rendered":"Avis l\u00e9gal et politique de confidentialit\u00e9"},"content":{"rendered":"<h4>Conditions g\u00e9n\u00e9rales d\u2019acc\u00e8s et utilisation du portail urolasolutions.com<\/h4>\n<h4>Le pr\u00e9sent document \u00e9tablit les Conditions G\u00e9n\u00e9rales d\u2019Utilisation de ce site web, propri\u00e9t\u00e9 d\u2019UROLA, S. COOP (dor\u00e9navant, UROLA).<\/h4>\n<p>L\u2019acc\u00e8s \u00e0 ce site WEB attribue aux personnes qui le d\u00e9sirent la condition d\u2019USAGER et cet acc\u00e8s est soumis \u00e0 la lecture pr\u00e9alable et \u00e0 l\u2019acceptation de la part de l\u2019USAGER des conditions, communications, avertissements et autres avis l\u00e9gaux contenus dans le pr\u00e9sent document.<\/p>\n<p>La prestation du service du Portail et, par cons\u00e9quent du site WEB, pr\u00e9sente un caract\u00e8re gratuit et sa visualisation ne demande aucune souscription ou inscription pr\u00e9alable, sans pr\u00e9judice du droit d\u2019Urola \u00e0 limiter l\u2019acc\u00e8s \u00e0 certains services sp\u00e9cifiques aux usagers ayant rempli un formulaire. Si lors de son enregistrement l\u2019USAGER fournit des donn\u00e9es \u00e0 caract\u00e8re personnel afin d\u2019acc\u00e9der \u00e0 un service sp\u00e9cifique, le recueil et traitement ult\u00e9rieur de ces donn\u00e9es seront soumis aux dispositions du paragraphe six.<\/p>\n<p>Les connexions \u00e0 d\u2019autres sites WEB pouvant exister, ainsi que l\u2019utilisation que l\u2019usager puisse en faire sont soumises aux pr\u00e9sentes Conditions G\u00e9n\u00e9rales d\u2019Utilisation, ainsi qu\u2019aux \u00e9ventuelles conditions sp\u00e9cifiques requises par les sites en question.<\/p>\n<p>Toute utilisation diff\u00e9rente de celle autoris\u00e9e n\u2019est pas permise.<\/p>\n<h2>Droits et obligations du fournisseur de services<\/h2>\n<h3>Obligations g\u00e9n\u00e9rales<\/h3>\n<p>UROLA, en tant que fournisseur du service, proposera les services indiqu\u00e9s dans le site WEB et garantira de fa\u00e7on efficace la confidentialit\u00e9 des communications pouvant exister avec l\u2019usager. UROLA s\u2019engage par ailleurs \u00e0 r\u00e9pondre aux \u00e9ventuelles r\u00e9clamations.<\/p>\n<p>Ce site WEB ne reprend et n\u2019enregistre pas les donn\u00e9es personnelles de ses visiteurs, sauf si l\u2019USAGER d\u00e9cide de les fournir librement et volontairement.<\/p>\n<h3>Modifications<\/h3>\n<p>Afin d\u2019am\u00e9liorer les prestations de son site, UROLA se r\u00e9serve la facult\u00e9 de modifier, agrandir ou annuler temporairement la pr\u00e9sentation, la configuration, les sp\u00e9cifications techniques, les contenus et le site WEB \u00e0 tout moment, sans besoin de pr\u00e9avis.<\/p>\n<h2>Droits et obligations de l\u2019USAGER<\/h2>\n<h3>Conditions d\u2019utilisation<\/h3>\n<p>L\u2019usager devra utiliser correctement les services fournis \u00e0 travers ce site WEB, c\u2019est-\u00e0-dire qu\u2019il ne devra pas r\u00e9aliser d\u2019activit\u00e9s illicites ou contraires \u00e0 la l\u00e9gislation en vigueur.<\/p>\n<p>Dans ce sens, l\u2019USAGER s\u2019engage \u00e0:<\/p>\n<ul>\n<li>Ne r\u00e9aliser aucune action pouvant causer un dommage ou bien un type quelconque d\u2019alt\u00e9ration dans les contenus et les services fournis par UROLA.<\/li>\n<li>Ne pas entraver le bon fonctionnement du site WEB.<\/li>\n<li>Ne causer aucun type de probl\u00e8me technique.<\/li>\n<li>Ne pas transf\u00e9rer d\u2019\u00e9l\u00e9ments susceptibles de contenir des virus informatiques et ne pas endommager, interf\u00e9rer ou intercepter totalement ou partiellement le pr\u00e9sent site WEB.<\/li>\n<li>Ne pas intervenir ou alt\u00e9rer le courriel d\u2019autres usagers.<\/li>\n<\/ul>\n<p>L\u2019USAGER est express\u00e9ment autoris\u00e9 \u00e0 visualiser toute l\u2019information contenue dans le pr\u00e9sent site WEB, ainsi qu\u2019\u00e0 effectuer des reproductions priv\u00e9es de cette derni\u00e8re dans ses \u00e9quipements informatiques, \u00e0 condition que ces contenus soient destin\u00e9s \u00e0 un usage exclusif et ne soient pas c\u00e9d\u00e9s \u00e0 autrui.<\/p>\n<h2>Exclusion de garanties et de responsabilit\u00e9 concernant le fonctionnement du site web et de ses services<\/h2>\n<h3>Acc\u00e8s<\/h3>\n<p>L\u2019acc\u00e8s au site WEB et l\u2019usage qui peut \u00eatre fait de l\u2019information contenue dans ce dernier sont sous la responsabilit\u00e9 exclusive de l\u2019USAGER, de fa\u00e7on \u00e0 ce qu\u2019UROLA ne r\u00e9pondra devant aucune cons\u00e9quence, dommage ou pr\u00e9judice d\u00e9riv\u00e9s de cet acc\u00e8s ou de l\u2019usage de l\u2019information, \u00e0 l\u2019exception de toutes les actions qui r\u00e9sultent de l\u2019application des dispositions l\u00e9gales auxquelles elle doit se soumettre dans le strict exercice de son activit\u00e9.<\/p>\n<h3>Fonctionnement du site Web<\/h3>\n<p>UROLA ne garantit pas la disponibilit\u00e9 ni la continuit\u00e9 du fonctionnement de son site WEB ni de ses services.<\/p>\n<p>De cette fa\u00e7on, toute responsabilit\u00e9 est exclue concernant de possibles dommages, quelle que soit leur nature, et pouvant \u00eatre caus\u00e9s par le manque de disponibilit\u00e9 ou de continuit\u00e9 du fonctionnement du site WEB ou de ses services.<\/p>\n<p>Cependant, UROLA s\u2019efforcera de fournir une disponibilit\u00e9 continue du pr\u00e9sent site et de ses services.<\/p>\n<h3>Autres<\/h3>\n<p>UROLA ne garantit pas et ne se responsabilise pas des dommages caus\u00e9s par les circonstances indiqu\u00e9es ci-dessous s:<\/p>\n<ul>\n<li>La connaissance par de tierces parties non autoris\u00e9es des circonstances d\u2019acc\u00e8s et d\u2019utilisation que les USAGERS font du site WEB et des services.<\/li>\n<li>L\u2019existence de virus ou d\u2019autres \u00e9l\u00e9ments dans les contenus du pr\u00e9sent site WEB qui pourraient causer des alt\u00e9rations dans le syst\u00e8me informatique (logiciel et mat\u00e9riel) de l\u2019USAGER ou dans les documents \u00e9lectroniques et les fichiers stock\u00e9s dans son syst\u00e8me informatique.<\/li>\n<li>L\u2019existence d\u2019erreurs dans l\u2019acc\u00e8s au site WEB ou dans son contenu. Pour cela, l\u2019USAGER exemptera UROLA de toute responsabilit\u00e9 en relation avec la fiabilit\u00e9, l\u2019utilit\u00e9 ou les attentes concernant le site WEB.<\/li>\n<\/ul>\n<p>Ce site WEB peut utiliser des cookies (de petits fichiers d\u2019information que le serveur envoie \u00e0 l\u2019ordinateur de la personne qui acc\u00e8s au site) pour effectuer certaines fonctions essentielles afin d\u2019obtenir un fonctionnement correct et une visualisation optimale du site. Les cookies utilis\u00e9s dans le site Web poss\u00e8dent un caract\u00e8re temporel et leur seul objectif est d\u2019assurer l\u2019efficacit\u00e9 de leur transmission ult\u00e9rieure. Ils disparaissent \u00e0 la fin de la session de l\u2019usager et ils ne seront en aucun cas utilis\u00e9s pour recueillir des informations \u00e0 caract\u00e8re personnel.<\/p>\n<p>L\u2019USAGER a la possibilit\u00e9 de configurer le navigateur de son ordinateur conform\u00e9ment \u00e0 ses besoins personnels, de fa\u00e7on \u00e0 d\u00e9tecter la r\u00e9ception de \u00ab cookies \u00bb et d\u2019emp\u00eacher leur installation dans le disque dur.<\/p>\n<p><a href=\"http:\/\/www.google.com\/analytics\/tos.html\/\">www.google.com\/analytics\/tos.html<\/a>; <a href=\"http:\/\/www.google.com\/policies\/privacy\/\">www.google.com\/policies\/privacy<\/a>.<\/p>\n<p>Google Analytics utilise des \u00ab cookies \u00bb, c\u2019est-\u00e0-dire des fichiers install\u00e9s dans votre ordinateur pour aider le site web \u00e0 analyser l\u2019utilisation que les USAGERS font du site en question. Google utilisera cette information \u00e0 notre compte afin de suivre la piste des usages du site, gr\u00e2ce \u00e0 la compilation de rapports sur l\u2019activit\u00e9 de ce dernier et \u00e0 la prestation d\u2019autres services relatifs \u00e0 son activit\u00e9 et \u00e0 l\u2019usage d\u2019Internet.<\/p>\n<p>Vous serez en mesure de refuser le traitement des donn\u00e9es ou l\u2019information en rejetant l\u2019usage de \u00ab cookies \u00bbde la part de Google Analytics, entre autres, en s\u00e9lectionnant la configuration appropri\u00e9e de votre navigateur. Vous devez cependant savoir que si vous choisissez d\u2019emp\u00eacher ces acc\u00e8s, vous risquez de ne pas disposer de la fonctionnalit\u00e9 totale de ce site.<\/p>\n<h2>Propri\u00e9t\u00e9 intellectuelle et\/ou industrielle <\/h2>\n<p>UROLA est le titulaire des droits de propri\u00e9t\u00e9 intellectuelle et\/ou industrielle des contenus repris dans le site, sauf en cas d\u2019une indication d\u2019une appartenance \u00e0 un autre titulaire. Dans ce dernier cas, les titulaires en question b\u00e9n\u00e9ficieront de l\u2019exercice exclusif des droits de reproduction, distribution, communication et transformation.<\/p>\n<p>La conception, les images, les cartes, les graphiques, les marques, les enseignes, les signes distinctifs ou les logos d\u2019UROLA, les frames, les banners, le logiciel et ses diff\u00e9rents codes source et objet, etc. de ce site WEB appartiennent \u00e0 UROLA, qui poss\u00e8de de fa\u00e7on l\u00e9gitime et exclusive les droits d\u2019exploitation sur ces derniers.<\/p>\n<p>La conception, les images, les cartes, les graphiques, les marques, les enseignes, les signes distinctifs ou les logos d\u2019UROLA, les frames, les banners, le logiciel et ses diff\u00e9rents codes source et objet, etc. de ce site WEB appartiennent \u00e0 UROLA, qui poss\u00e8de de fa\u00e7on l\u00e9gitime et exclusive les droits d\u2019exploitation sur ces derniers.<\/p>\n<p>L\u2019usager peut uniquement visualiser le site et t\u00e9l\u00e9charger les \u00e9l\u00e9ments n\u00e9cessaires pour un usage personnel et non commercial, c\u2019est-\u00e0-dire sans les partager avec autrui.<\/p>\n<p>L\u2019alt\u00e9ration du site par l\u2019USAGER est formellement interdite, notamment pour modifier certains \u00e9l\u00e9ments comme les liens et autres.<\/p>\n<p>UROLA veillera \u00e0 ce que les contenus de ce site ne pr\u00e9sentent aucun caract\u00e8re pornographique, x\u00e9nophobe, discriminatoire, raciste, diffamatoire ou violent.<\/p>\n<p>Toute reproduction, distribution, communication et transformation des contenus qui n\u2019ait pas \u00e9t\u00e9 express\u00e9ment autoris\u00e9e par les titulaires constitue une infraction des droits de propri\u00e9t\u00e9 intellectuelle qui sont prot\u00e9g\u00e9s par la loi.<\/p>\n<p>UROLA pourra exercer toutes les actions administratives, civiles ou p\u00e9nales applicables en cas d\u2019infraction de ces droits de la part de l\u2019USAGER.<\/p>\n<h2>Liens<\/h2>\n<p>Aucun lien au site WEB d\u2019UROLA ne pourra \u00eatre disponible sur un autre site sans le consentement pr\u00e9alable d\u2019UROLA.<\/p>\n<p>Si le pr\u00e9sent site WEB inclut des liens vers d\u2019autres portails ou sites WEB non g\u00e9r\u00e9s par UROLA, cette soci\u00e9t\u00e9 manifeste formellement qu\u2019elle n\u2019exerce aucun contr\u00f4le sur ces portails ou sites et qu\u2019elle n\u2019est pas responsable de leur contenu. Les liens repris dans le site seront uniquement inclus en tant que r\u00e9f\u00e9rences informatives, sans aucun type d\u2019\u00e9valuation sur les contenus, les propri\u00e9taires, les services ou les produits offerts.<\/p>\n<p>UROLA ne sera en aucun cas responsable des services fournis par ces tierces parties en cas de r\u00e9clamations et d\u2019actions judiciaires de toute nature pouvant \u00eatre pr\u00e9sent\u00e9es.<\/p>\n<h2>Politique de confidentialit\u00e9. Protection des donn\u00e9es \u00e0 caract\u00e8re personnel<\/h2>\n<h3>Protection des donn\u00e9es \u00e0 caract\u00e8re personnel<\/h3>\n<p>Si ce site WEB recueille des donn\u00e9es \u00e0 caract\u00e8re personnel, ces derni\u00e8res seront incorpor\u00e9es au fichier cr\u00e9\u00e9 \u00e0 cet effet et sous la responsabilit\u00e9 d\u2019UROLA.<\/p>\n<p>Dans ce sens, l\u2019information r\u00e9unie par UROLA \u00e0 travers le site Web sera trait\u00e9e de fa\u00e7on confidentielle, conform\u00e9ment aux dispositions de la Loi Organique 15\/1999, du 13 d\u00e9cembre 1999, applicable \u00e0 la Protection des Donn\u00e9es \u00e0 Caract\u00e8re Personnel (dor\u00e9navant LOPD).<\/p>\n<p>Par ailleurs, UROLA s\u2019engage \u00e0 ne pas utiliser les donn\u00e9es \u00e0 caract\u00e8re personnel pour une finalit\u00e9 incompatible avec celles autoris\u00e9es .<\/p>\n<h3>S\u00e9curit\u00e9 dans le traitement, le processus informatique et l\u2019enregistrement des donn\u00e9es<\/h3>\n<p>UROLA d\u00e9clare et garantit que les niveaux de s\u00e9curit\u00e9 de la protection des donn\u00e9es \u00e0 caract\u00e8re personnel sont en accord avec le D\u00e9cret Royal 1720\/2007 du 21 d\u00e9cembre, selon lequel le R\u00e8glement de d\u00e9veloppement de la Loi Organique 15\/1999, du 13 d\u00e9cembre, sur la protection des donn\u00e9es \u00e0 caract\u00e8re personnel est approuv\u00e9. Urola assure en outre qu\u2019elle a adopt\u00e9 toutes les mesures techniques et organisationnelles \u00e0 sa port\u00e9e pour garantir la s\u00e9curit\u00e9 des donn\u00e9es \u00e0 caract\u00e8re personnel et \u00e9viter la perte, les mauvais usages, les acc\u00e8s non autoris\u00e9s et le vol des donn\u00e9es fournies par l\u2019USAGER.<\/p>\n<h3>Droits d\u2019acc\u00e8s, de rectification, d\u2019annulation et d\u2019opposition<\/h3>\n<p>UROLA est responsable de toutes les donn\u00e9es reprises dans les diff\u00e9rentes sections du site WEB. Si vous le souhaitez, vous pourrez exercer \u00e0 tout moment les droits d\u2019acc\u00e8s, de rectification, d\u2019annulation et d\u2019opposition pr\u00e9vus dans la LOPD, en adressant une lettre \u00e0 UROLA, S. COOP. &#8211; Urola Kalea s\/n, Legazpia, Guip\u00fazcoa, Espagne.<\/p>\n<h2>Liens<\/h2>\n<p>La Politique de confidentialit\u00e9 expos\u00e9e est applicable au site WEB, mais elle n\u2019est pas garantie dans les sites auxquels l\u2019USAGER peut acc\u00e9der \u00e0 travers les diff\u00e9rents liens repris sur le site d\u2019UROLA.<\/p>\n<h2>Juridiction et l\u00e9gislation applicable<\/h2>\n<p>Les pr\u00e9sentes Conditions G\u00e9n\u00e9rales d\u2019Utilisation et de Navigation, ainsi que les relations entre l\u2019usager et UROLA, seront g\u00e9r\u00e9es par la l\u00e9gislation espagnole.<\/p>\n<p>En cas de diff\u00e9rends caus\u00e9s par l\u2019existence ou le contenu des pr\u00e9sentes Conditions G\u00e9n\u00e9rales ou par les relations entre l\u2019usager et UROLA, les deux Parties renoncent express\u00e9ment \u00e0 la juridiction dont elles d\u00e9pendent etaccordent de les soumettre \u00e0 la juridiction et \u00e0 la comp\u00e9tence exclusive des Cours et des Tribunaux de Bergara (Guip\u00fazcoa\u2013Espagne).<\/p>\n","protected":false},"excerpt":{"rendered":"<p>Conditions g\u00e9n\u00e9rales d\u2019acc\u00e8s et utilisation du portail urolasolutions.com Le pr\u00e9sent document \u00e9tablit les Conditions G\u00e9n\u00e9rales d\u2019Utilisation de ce site web, propri\u00e9t\u00e9 d\u2019UROLA, S. COOP (dor\u00e9navant, UROLA). L\u2019acc\u00e8s \u00e0 ce site WEB attribue aux personnes qui le d\u00e9sirent la condition d\u2019USAGER et cet acc\u00e8s est soumis \u00e0 la lecture pr\u00e9alable et \u00e0 l\u2019acceptation de la part [&hellip;]<\/p>\n","protected":false},"author":1,"featured_media":0,"parent":0,"menu_order":0,"comment_status":"closed","ping_status":"closed","template":"","meta":[],"yoast_head":"<!-- This site is optimized with the Yoast SEO plugin v17.4 - https:\/\/yoast.com\/wordpress\/plugins\/seo\/ -->\n<meta name=\"robots\" content=\"index, follow, max-snippet:-1, max-image-preview:large, max-video-preview:-1\" \/>\n<link rel=\"canonical\" href=\"https:\/\/www.urolasolutions.com\/fr\/avis-legal-et-politique-de-confidentialite\/\" \/>\n<meta property=\"og:locale\" content=\"fr_FR\" \/>\n<meta property=\"og:type\" content=\"article\" \/>\n<meta property=\"og:title\" content=\"Avis l\u00e9gal et politique de confidentialit\u00e9 - UROLA SOLUTIONS\" \/>\n<meta property=\"og:description\" content=\"Conditions g\u00e9n\u00e9rales d\u2019acc\u00e8s et utilisation du portail urolasolutions.com Le pr\u00e9sent document \u00e9tablit les Conditions G\u00e9n\u00e9rales d\u2019Utilisation de ce site web, propri\u00e9t\u00e9 d\u2019UROLA, S. COOP (dor\u00e9navant, UROLA). L\u2019acc\u00e8s \u00e0 ce site WEB attribue aux personnes qui le d\u00e9sirent la condition d\u2019USAGER et cet acc\u00e8s est soumis \u00e0 la lecture pr\u00e9alable et \u00e0 l\u2019acceptation de la part [&hellip;]\" \/>\n<meta property=\"og:url\" content=\"https:\/\/www.urolasolutions.com\/fr\/avis-legal-et-politique-de-confidentialite\/\" \/>\n<meta property=\"og:site_name\" content=\"UROLA SOLUTIONS\" \/>\n<meta property=\"article:modified_time\" content=\"2018-11-21T07:09:37+00:00\" \/>\n<meta name=\"twitter:card\" content=\"summary_large_image\" \/>\n<meta name=\"twitter:label1\" content=\"Dur\u00e9e de lecture est.\" \/>\n\t<meta name=\"twitter:data1\" content=\"10 minutes\" \/>\n<script type=\"application\/ld+json\" class=\"yoast-schema-graph\">{\"@context\":\"https:\/\/schema.org\",\"@graph\":[{\"@type\":\"WebSite\",\"@id\":\"https:\/\/www.urolasolutions.com\/es\/#website\",\"url\":\"https:\/\/www.urolasolutions.com\/es\/\",\"name\":\"UROLA SOLUTIONS\",\"description\":\"Technologie de soufflage pour l&#039;emballage\",\"potentialAction\":[{\"@type\":\"SearchAction\",\"target\":{\"@type\":\"EntryPoint\",\"urlTemplate\":\"https:\/\/www.urolasolutions.com\/es\/?s={search_term_string}\"},\"query-input\":\"required name=search_term_string\"}],\"inLanguage\":\"fr-FR\"},{\"@type\":\"WebPage\",\"@id\":\"https:\/\/www.urolasolutions.com\/fr\/avis-legal-et-politique-de-confidentialite\/#webpage\",\"url\":\"https:\/\/www.urolasolutions.com\/fr\/avis-legal-et-politique-de-confidentialite\/\",\"name\":\"Avis l\\u00e9gal et politique de confidentialit\\u00e9 - UROLA SOLUTIONS\",\"isPartOf\":{\"@id\":\"https:\/\/www.urolasolutions.com\/es\/#website\"},\"datePublished\":\"2018-11-15T06:02:03+00:00\",\"dateModified\":\"2018-11-21T07:09:37+00:00\",\"breadcrumb\":{\"@id\":\"https:\/\/www.urolasolutions.com\/fr\/avis-legal-et-politique-de-confidentialite\/#breadcrumb\"},\"inLanguage\":\"fr-FR\",\"potentialAction\":[{\"@type\":\"ReadAction\",\"target\":[\"https:\/\/www.urolasolutions.com\/fr\/avis-legal-et-politique-de-confidentialite\/\"]}]},{\"@type\":\"BreadcrumbList\",\"@id\":\"https:\/\/www.urolasolutions.com\/fr\/avis-legal-et-politique-de-confidentialite\/#breadcrumb\",\"itemListElement\":[{\"@type\":\"ListItem\",\"position\":1,\"name\":\"Portada\",\"item\":\"https:\/\/www.urolasolutions.com\/fr\/\"},{\"@type\":\"ListItem\",\"position\":2,\"name\":\"Avis l\\u00e9gal et politique de confidentialit\\u00e9\"}]}]}<\/script>\n<!-- \/ Yoast SEO plugin. -->","yoast_head_json":{"robots":{"index":"index","follow":"follow","max-snippet":"max-snippet:-1","max-image-preview":"max-image-preview:large","max-video-preview":"max-video-preview:-1"},"canonical":"https:\/\/www.urolasolutions.com\/fr\/avis-legal-et-politique-de-confidentialite\/","og_locale":"fr_FR","og_type":"article","og_title":"Avis l\u00e9gal et politique de confidentialit\u00e9 - UROLA SOLUTIONS","og_description":"Conditions g\u00e9n\u00e9rales d\u2019acc\u00e8s et utilisation du portail urolasolutions.com Le pr\u00e9sent document \u00e9tablit les Conditions G\u00e9n\u00e9rales d\u2019Utilisation de ce site web, propri\u00e9t\u00e9 d\u2019UROLA, S. COOP (dor\u00e9navant, UROLA). L\u2019acc\u00e8s \u00e0 ce site WEB attribue aux personnes qui le d\u00e9sirent la condition d\u2019USAGER et cet acc\u00e8s est soumis \u00e0 la lecture pr\u00e9alable et \u00e0 l\u2019acceptation de la part [&hellip;]","og_url":"https:\/\/www.urolasolutions.com\/fr\/avis-legal-et-politique-de-confidentialite\/","og_site_name":"UROLA SOLUTIONS","article_modified_time":"2018-11-21T07:09:37+00:00","twitter_card":"summary_large_image","twitter_misc":{"Dur\u00e9e de lecture est.":"10 minutes"},"schema":{"@context":"https:\/\/schema.org","@graph":[{"@type":"WebSite","@id":"https:\/\/www.urolasolutions.com\/es\/#website","url":"https:\/\/www.urolasolutions.com\/es\/","name":"UROLA SOLUTIONS","description":"Technologie de soufflage pour l&#039;emballage","potentialAction":[{"@type":"SearchAction","target":{"@type":"EntryPoint","urlTemplate":"https:\/\/www.urolasolutions.com\/es\/?s={search_term_string}"},"query-input":"required name=search_term_string"}],"inLanguage":"fr-FR"},{"@type":"WebPage","@id":"https:\/\/www.urolasolutions.com\/fr\/avis-legal-et-politique-de-confidentialite\/#webpage","url":"https:\/\/www.urolasolutions.com\/fr\/avis-legal-et-politique-de-confidentialite\/","name":"Avis l\u00e9gal et politique de confidentialit\u00e9 - UROLA SOLUTIONS","isPartOf":{"@id":"https:\/\/www.urolasolutions.com\/es\/#website"},"datePublished":"2018-11-15T06:02:03+00:00","dateModified":"2018-11-21T07:09:37+00:00","breadcrumb":{"@id":"https:\/\/www.urolasolutions.com\/fr\/avis-legal-et-politique-de-confidentialite\/#breadcrumb"},"inLanguage":"fr-FR","potentialAction":[{"@type":"ReadAction","target":["https:\/\/www.urolasolutions.com\/fr\/avis-legal-et-politique-de-confidentialite\/"]}]},{"@type":"BreadcrumbList","@id":"https:\/\/www.urolasolutions.com\/fr\/avis-legal-et-politique-de-confidentialite\/#breadcrumb","itemListElement":[{"@type":"ListItem","position":1,"name":"Portada","item":"https:\/\/www.urolasolutions.com\/fr\/"},{"@type":"ListItem","position":2,"name":"Avis l\u00e9gal et politique de confidentialit\u00e9"}]}]}},"_links":{"self":[{"href":"https:\/\/www.urolasolutions.com\/fr\/wp-json\/wp\/v2\/pages\/269"}],"collection":[{"href":"https:\/\/www.urolasolutions.com\/fr\/wp-json\/wp\/v2\/pages"}],"about":[{"href":"https:\/\/www.urolasolutions.com\/fr\/wp-json\/wp\/v2\/types\/page"}],"author":[{"embeddable":true,"href":"https:\/\/www.urolasolutions.com\/fr\/wp-json\/wp\/v2\/users\/1"}],"replies":[{"embeddable":true,"href":"https:\/\/www.urolasolutions.com\/fr\/wp-json\/wp\/v2\/comments?post=269"}],"version-history":[{"count":3,"href":"https:\/\/www.urolasolutions.com\/fr\/wp-json\/wp\/v2\/pages\/269\/revisions"}],"predecessor-version":[{"id":366,"href":"https:\/\/www.urolasolutions.com\/fr\/wp-json\/wp\/v2\/pages\/269\/revisions\/366"}],"wp:attachment":[{"href":"https:\/\/www.urolasolutions.com\/fr\/wp-json\/wp\/v2\/media?parent=269"}],"curies":[{"name":"wp","href":"https:\/\/api.w.org\/{rel}","templated":true}]}}