{"id":251,"date":"2018-11-15T05:47:41","date_gmt":"2018-11-15T05:47:41","guid":{"rendered":"http:\/\/www.urolasolutions.com\/?page_id=251"},"modified":"2020-03-17T16:26:38","modified_gmt":"2020-03-17T16:26:38","slug":"numerisation","status":"publish","type":"page","link":"https:\/\/www.urolasolutions.com\/fr\/numerisation\/","title":{"rendered":"DIGITALIZATION"},"content":{"rendered":"<p>Imaginez pouvoir optimiser\u00a0<strong>le co\u00fbt<\/strong>\u00a0par bouteille, consommer moins\u00a0<strong>d\u2019\u00e9nergie<\/strong>\u00a0et de mat\u00e9riaux, savoir quand vos actifs auront besoin d&rsquo;actions de maintenance et les anticiper.<\/p>\n<p>Imaginez pouvoir acc\u00e9der instantan\u00e9ment aux donn\u00e9es concernant la production et l\u2019\u00e9tat de vos actifs depuis vos dispositifs mobiles, o\u00f9 que ce soit.<\/p>\n<p>Imaginez une solution 100% personnalis\u00e9e pour vous et vos besoins ! Un projet dans lequel vous serez entendu, analys\u00e9, conseill\u00e9, muni de tous les outils dont vous aurez besoin et guid\u00e9 du d\u00e9but \u00e0 la fin du processus.<\/p>\n<p>La num\u00e9risation est aujourd\u2019hui une r\u00e9alit\u00e9, un fait. Le monde cro\u00eet \u00e0 grande vitesse et les besoins augmentent en cons\u00e9quence. C\u2019est pourquoi Urola a acquis pendant ces derni\u00e8res ann\u00e9es une riche exp\u00e9rience dans ce domaine afin de vous proposer les meilleures solutions individualis\u00e9es.<\/p>\n<p>Chez Urola, nous voulons vous \u00e9couter, vous conseiller et cr\u00e9er un \u00ab\u00a0road map\u00a0\u00bb conjointement afin que vous puissiez contr\u00f4ler toutes vos op\u00e9rations. Notre but est que vous soyez le plus\u00a0<strong>efficace<\/strong>\u00a0possible et que cela se traduise dans vos r\u00e9sultats ! Chez Urola nous voulons atteindre le\u00a0<strong>succ\u00e8s<\/strong>\u00a0\u00e0 vos c\u00f4t\u00e9s!<\/p>\n","protected":false},"excerpt":{"rendered":"<p>Imaginez pouvoir optimiser\u00a0le co\u00fbt\u00a0par bouteille, consommer moins\u00a0d\u2019\u00e9nergie\u00a0et de mat\u00e9riaux, savoir quand vos actifs auront besoin d&rsquo;actions de maintenance et les anticiper. Imaginez pouvoir acc\u00e9der instantan\u00e9ment aux donn\u00e9es concernant la production et l\u2019\u00e9tat de vos actifs depuis vos dispositifs mobiles, o\u00f9 que ce soit. Imaginez une solution 100% personnalis\u00e9e pour vous et vos besoins ! Un [&hellip;]<\/p>\n","protected":false},"author":1,"featured_media":0,"parent":0,"menu_order":0,"comment_status":"closed","ping_status":"closed","template":"page-templates\/template-idi.php","meta":[],"yoast_head":"<!-- This site is optimized with the Yoast SEO plugin v17.4 - https:\/\/yoast.com\/wordpress\/plugins\/seo\/ -->\n<meta name=\"robots\" content=\"index, follow, max-snippet:-1, max-image-preview:large, max-video-preview:-1\" \/>\n<link rel=\"canonical\" href=\"https:\/\/www.urolasolutions.com\/fr\/numerisation\/\" \/>\n<meta property=\"og:locale\" content=\"fr_FR\" \/>\n<meta property=\"og:type\" content=\"article\" \/>\n<meta property=\"og:title\" content=\"DIGITALIZATION - UROLA SOLUTIONS\" \/>\n<meta property=\"og:description\" content=\"Imaginez pouvoir optimiser\u00a0le co\u00fbt\u00a0par bouteille, consommer moins\u00a0d\u2019\u00e9nergie\u00a0et de mat\u00e9riaux, savoir quand vos actifs auront besoin d&rsquo;actions de maintenance et les anticiper. Imaginez pouvoir acc\u00e9der instantan\u00e9ment aux donn\u00e9es concernant la production et l\u2019\u00e9tat de vos actifs depuis vos dispositifs mobiles, o\u00f9 que ce soit. Imaginez une solution 100% personnalis\u00e9e pour vous et vos besoins ! Un [&hellip;]\" \/>\n<meta property=\"og:url\" content=\"https:\/\/www.urolasolutions.com\/fr\/numerisation\/\" \/>\n<meta property=\"og:site_name\" content=\"UROLA SOLUTIONS\" \/>\n<meta property=\"article:modified_time\" content=\"2020-03-17T16:26:38+00:00\" \/>\n<meta name=\"twitter:card\" content=\"summary_large_image\" \/>\n<meta name=\"twitter:label1\" content=\"Dur\u00e9e de lecture est.\" \/>\n\t<meta name=\"twitter:data1\" content=\"1 minute\" \/>\n<script type=\"application\/ld+json\" class=\"yoast-schema-graph\">{\"@context\":\"https:\/\/schema.org\",\"@graph\":[{\"@type\":\"WebSite\",\"@id\":\"https:\/\/www.urolasolutions.com\/es\/#website\",\"url\":\"https:\/\/www.urolasolutions.com\/es\/\",\"name\":\"UROLA SOLUTIONS\",\"description\":\"Technologie de soufflage pour l&#039;emballage\",\"potentialAction\":[{\"@type\":\"SearchAction\",\"target\":{\"@type\":\"EntryPoint\",\"urlTemplate\":\"https:\/\/www.urolasolutions.com\/es\/?s={search_term_string}\"},\"query-input\":\"required name=search_term_string\"}],\"inLanguage\":\"fr-FR\"},{\"@type\":\"WebPage\",\"@id\":\"https:\/\/www.urolasolutions.com\/fr\/numerisation\/#webpage\",\"url\":\"https:\/\/www.urolasolutions.com\/fr\/numerisation\/\",\"name\":\"DIGITALIZATION - UROLA SOLUTIONS\",\"isPartOf\":{\"@id\":\"https:\/\/www.urolasolutions.com\/es\/#website\"},\"datePublished\":\"2018-11-15T05:47:41+00:00\",\"dateModified\":\"2020-03-17T16:26:38+00:00\",\"breadcrumb\":{\"@id\":\"https:\/\/www.urolasolutions.com\/fr\/numerisation\/#breadcrumb\"},\"inLanguage\":\"fr-FR\",\"potentialAction\":[{\"@type\":\"ReadAction\",\"target\":[\"https:\/\/www.urolasolutions.com\/fr\/numerisation\/\"]}]},{\"@type\":\"BreadcrumbList\",\"@id\":\"https:\/\/www.urolasolutions.com\/fr\/numerisation\/#breadcrumb\",\"itemListElement\":[{\"@type\":\"ListItem\",\"position\":1,\"name\":\"Portada\",\"item\":\"https:\/\/www.urolasolutions.com\/fr\/\"},{\"@type\":\"ListItem\",\"position\":2,\"name\":\"DIGITALIZATION\"}]}]}<\/script>\n<!-- \/ Yoast SEO plugin. -->","yoast_head_json":{"robots":{"index":"index","follow":"follow","max-snippet":"max-snippet:-1","max-image-preview":"max-image-preview:large","max-video-preview":"max-video-preview:-1"},"canonical":"https:\/\/www.urolasolutions.com\/fr\/numerisation\/","og_locale":"fr_FR","og_type":"article","og_title":"DIGITALIZATION - UROLA SOLUTIONS","og_description":"Imaginez pouvoir optimiser\u00a0le co\u00fbt\u00a0par bouteille, consommer moins\u00a0d\u2019\u00e9nergie\u00a0et de mat\u00e9riaux, savoir quand vos actifs auront besoin d&rsquo;actions de maintenance et les anticiper. Imaginez pouvoir acc\u00e9der instantan\u00e9ment aux donn\u00e9es concernant la production et l\u2019\u00e9tat de vos actifs depuis vos dispositifs mobiles, o\u00f9 que ce soit. Imaginez une solution 100% personnalis\u00e9e pour vous et vos besoins ! Un [&hellip;]","og_url":"https:\/\/www.urolasolutions.com\/fr\/numerisation\/","og_site_name":"UROLA SOLUTIONS","article_modified_time":"2020-03-17T16:26:38+00:00","twitter_card":"summary_large_image","twitter_misc":{"Dur\u00e9e de lecture est.":"1 minute"},"schema":{"@context":"https:\/\/schema.org","@graph":[{"@type":"WebSite","@id":"https:\/\/www.urolasolutions.com\/es\/#website","url":"https:\/\/www.urolasolutions.com\/es\/","name":"UROLA SOLUTIONS","description":"Technologie de soufflage pour l&#039;emballage","potentialAction":[{"@type":"SearchAction","target":{"@type":"EntryPoint","urlTemplate":"https:\/\/www.urolasolutions.com\/es\/?s={search_term_string}"},"query-input":"required name=search_term_string"}],"inLanguage":"fr-FR"},{"@type":"WebPage","@id":"https:\/\/www.urolasolutions.com\/fr\/numerisation\/#webpage","url":"https:\/\/www.urolasolutions.com\/fr\/numerisation\/","name":"DIGITALIZATION - UROLA SOLUTIONS","isPartOf":{"@id":"https:\/\/www.urolasolutions.com\/es\/#website"},"datePublished":"2018-11-15T05:47:41+00:00","dateModified":"2020-03-17T16:26:38+00:00","breadcrumb":{"@id":"https:\/\/www.urolasolutions.com\/fr\/numerisation\/#breadcrumb"},"inLanguage":"fr-FR","potentialAction":[{"@type":"ReadAction","target":["https:\/\/www.urolasolutions.com\/fr\/numerisation\/"]}]},{"@type":"BreadcrumbList","@id":"https:\/\/www.urolasolutions.com\/fr\/numerisation\/#breadcrumb","itemListElement":[{"@type":"ListItem","position":1,"name":"Portada","item":"https:\/\/www.urolasolutions.com\/fr\/"},{"@type":"ListItem","position":2,"name":"DIGITALIZATION"}]}]}},"_links":{"self":[{"href":"https:\/\/www.urolasolutions.com\/fr\/wp-json\/wp\/v2\/pages\/251"}],"collection":[{"href":"https:\/\/www.urolasolutions.com\/fr\/wp-json\/wp\/v2\/pages"}],"about":[{"href":"https:\/\/www.urolasolutions.com\/fr\/wp-json\/wp\/v2\/types\/page"}],"author":[{"embeddable":true,"href":"https:\/\/www.urolasolutions.com\/fr\/wp-json\/wp\/v2\/users\/1"}],"replies":[{"embeddable":true,"href":"https:\/\/www.urolasolutions.com\/fr\/wp-json\/wp\/v2\/comments?post=251"}],"version-history":[{"count":4,"href":"https:\/\/www.urolasolutions.com\/fr\/wp-json\/wp\/v2\/pages\/251\/revisions"}],"predecessor-version":[{"id":1047,"href":"https:\/\/www.urolasolutions.com\/fr\/wp-json\/wp\/v2\/pages\/251\/revisions\/1047"}],"wp:attachment":[{"href":"https:\/\/www.urolasolutions.com\/fr\/wp-json\/wp\/v2\/media?parent=251"}],"curies":[{"name":"wp","href":"https:\/\/api.w.org\/{rel}","templated":true}]}}