{"id":4,"date":"2018-10-05T12:02:49","date_gmt":"2018-10-05T12:02:49","guid":{"rendered":"http:\/\/www.urolasolutions.com?page_id=4"},"modified":"2019-12-19T15:37:46","modified_gmt":"2019-12-19T15:37:46","slug":"inicio","status":"publish","type":"page","link":"https:\/\/www.urolasolutions.com\/es\/","title":{"rendered":"Inicio"},"content":{"rendered":"","protected":false},"excerpt":{"rendered":"","protected":false},"author":1,"featured_media":0,"parent":0,"menu_order":0,"comment_status":"closed","ping_status":"closed","template":"page-templates\/template-home.php","meta":[],"yoast_head":"<!-- This site is optimized with the Yoast SEO plugin v17.4 - https:\/\/yoast.com\/wordpress\/plugins\/seo\/ -->\n<meta name=\"description\" content=\"Urola Solutions desarrolla soluciones avanzadas para la fabricaci\u00f3n de envases por la tecnolog\u00eda de soplado,aportando valor a\u00f1adido a los usuarios finales.\" \/>\n<meta name=\"robots\" content=\"index, follow, max-snippet:-1, max-image-preview:large, max-video-preview:-1\" \/>\n<link rel=\"canonical\" href=\"https:\/\/www.urolasolutions.com\/es\/\" \/>\n<meta property=\"og:locale\" content=\"es_ES\" \/>\n<meta property=\"og:type\" content=\"article\" \/>\n<meta property=\"og:title\" content=\"UROLA SOLUTIONS | Tecnolog\u00eda de Soplado para Envases\" \/>\n<meta property=\"og:description\" content=\"Urola Solutions desarrolla soluciones avanzadas para la fabricaci\u00f3n de envases por la tecnolog\u00eda de soplado,aportando valor a\u00f1adido a los usuarios finales.\" \/>\n<meta property=\"og:url\" content=\"https:\/\/www.urolasolutions.com\/es\/\" \/>\n<meta property=\"og:site_name\" content=\"UROLA SOLUTIONS\" \/>\n<meta property=\"article:modified_time\" content=\"2019-12-19T15:37:46+00:00\" \/>\n<meta name=\"twitter:card\" content=\"summary_large_image\" \/>\n<script type=\"application\/ld+json\" class=\"yoast-schema-graph\">{\"@context\":\"https:\/\/schema.org\",\"@graph\":[{\"@type\":\"WebSite\",\"@id\":\"https:\/\/www.urolasolutions.com\/es\/#website\",\"url\":\"https:\/\/www.urolasolutions.com\/es\/\",\"name\":\"UROLA SOLUTIONS\",\"description\":\"Tecnolog\\u00eda de soplado para envases\",\"potentialAction\":[{\"@type\":\"SearchAction\",\"target\":{\"@type\":\"EntryPoint\",\"urlTemplate\":\"https:\/\/www.urolasolutions.com\/es\/?s={search_term_string}\"},\"query-input\":\"required name=search_term_string\"}],\"inLanguage\":\"es\"},{\"@type\":\"WebPage\",\"@id\":\"https:\/\/www.urolasolutions.com\/es\/#webpage\",\"url\":\"https:\/\/www.urolasolutions.com\/es\/\",\"name\":\"UROLA SOLUTIONS | Tecnolog\\u00eda de Soplado para Envases\",\"isPartOf\":{\"@id\":\"https:\/\/www.urolasolutions.com\/es\/#website\"},\"datePublished\":\"2018-10-05T12:02:49+00:00\",\"dateModified\":\"2019-12-19T15:37:46+00:00\",\"description\":\"Urola Solutions desarrolla soluciones avanzadas para la fabricaci\\u00f3n de envases por la tecnolog\\u00eda de soplado,aportando valor a\\u00f1adido a los usuarios finales.\",\"breadcrumb\":{\"@id\":\"https:\/\/www.urolasolutions.com\/es\/#breadcrumb\"},\"inLanguage\":\"es\",\"potentialAction\":[{\"@type\":\"ReadAction\",\"target\":[\"https:\/\/www.urolasolutions.com\/es\/\"]}]},{\"@type\":\"BreadcrumbList\",\"@id\":\"https:\/\/www.urolasolutions.com\/es\/#breadcrumb\",\"itemListElement\":[{\"@type\":\"ListItem\",\"position\":1,\"name\":\"Portada\",\"item\":\"https:\/\/www.urolasolutions.com\/es\/\"},{\"@type\":\"ListItem\",\"position\":2,\"name\":\"Inicio\"}]}]}<\/script>\n<!-- \/ Yoast SEO plugin. -->","yoast_head_json":{"description":"Urola Solutions desarrolla soluciones avanzadas para la fabricaci\u00f3n de envases por la tecnolog\u00eda de soplado,aportando valor a\u00f1adido a los usuarios finales.","robots":{"index":"index","follow":"follow","max-snippet":"max-snippet:-1","max-image-preview":"max-image-preview:large","max-video-preview":"max-video-preview:-1"},"canonical":"https:\/\/www.urolasolutions.com\/es\/","og_locale":"es_ES","og_type":"article","og_title":"UROLA SOLUTIONS | Tecnolog\u00eda de Soplado para Envases","og_description":"Urola Solutions desarrolla soluciones avanzadas para la fabricaci\u00f3n de envases por la tecnolog\u00eda de soplado,aportando valor a\u00f1adido a los usuarios finales.","og_url":"https:\/\/www.urolasolutions.com\/es\/","og_site_name":"UROLA SOLUTIONS","article_modified_time":"2019-12-19T15:37:46+00:00","twitter_card":"summary_large_image","schema":{"@context":"https:\/\/schema.org","@graph":[{"@type":"WebSite","@id":"https:\/\/www.urolasolutions.com\/es\/#website","url":"https:\/\/www.urolasolutions.com\/es\/","name":"UROLA SOLUTIONS","description":"Tecnolog\u00eda de soplado para envases","potentialAction":[{"@type":"SearchAction","target":{"@type":"EntryPoint","urlTemplate":"https:\/\/www.urolasolutions.com\/es\/?s={search_term_string}"},"query-input":"required name=search_term_string"}],"inLanguage":"es"},{"@type":"WebPage","@id":"https:\/\/www.urolasolutions.com\/es\/#webpage","url":"https:\/\/www.urolasolutions.com\/es\/","name":"UROLA SOLUTIONS | Tecnolog\u00eda de Soplado para Envases","isPartOf":{"@id":"https:\/\/www.urolasolutions.com\/es\/#website"},"datePublished":"2018-10-05T12:02:49+00:00","dateModified":"2019-12-19T15:37:46+00:00","description":"Urola Solutions desarrolla soluciones avanzadas para la fabricaci\u00f3n de envases por la tecnolog\u00eda de soplado,aportando valor a\u00f1adido a los usuarios finales.","breadcrumb":{"@id":"https:\/\/www.urolasolutions.com\/es\/#breadcrumb"},"inLanguage":"es","potentialAction":[{"@type":"ReadAction","target":["https:\/\/www.urolasolutions.com\/es\/"]}]},{"@type":"BreadcrumbList","@id":"https:\/\/www.urolasolutions.com\/es\/#breadcrumb","itemListElement":[{"@type":"ListItem","position":1,"name":"Portada","item":"https:\/\/www.urolasolutions.com\/es\/"},{"@type":"ListItem","position":2,"name":"Inicio"}]}]}},"_links":{"self":[{"href":"https:\/\/www.urolasolutions.com\/es\/wp-json\/wp\/v2\/pages\/4"}],"collection":[{"href":"https:\/\/www.urolasolutions.com\/es\/wp-json\/wp\/v2\/pages"}],"about":[{"href":"https:\/\/www.urolasolutions.com\/es\/wp-json\/wp\/v2\/types\/page"}],"author":[{"embeddable":true,"href":"https:\/\/www.urolasolutions.com\/es\/wp-json\/wp\/v2\/users\/1"}],"replies":[{"embeddable":true,"href":"https:\/\/www.urolasolutions.com\/es\/wp-json\/wp\/v2\/comments?post=4"}],"version-history":[{"count":6,"href":"https:\/\/www.urolasolutions.com\/es\/wp-json\/wp\/v2\/pages\/4\/revisions"}],"predecessor-version":[{"id":602,"href":"https:\/\/www.urolasolutions.com\/es\/wp-json\/wp\/v2\/pages\/4\/revisions\/602"}],"wp:attachment":[{"href":"https:\/\/www.urolasolutions.com\/es\/wp-json\/wp\/v2\/media?parent=4"}],"curies":[{"name":"wp","href":"https:\/\/api.w.org\/{rel}","templated":true}]}}