{"id":1367,"date":"2021-05-14T16:38:30","date_gmt":"2021-05-14T16:38:30","guid":{"rendered":"https:\/\/www.urolasolutions.com\/?page_id=1367"},"modified":"2021-05-14T17:36:00","modified_gmt":"2021-05-14T17:36:00","slug":"beneficios-de-las-rotativas","status":"publish","type":"page","link":"https:\/\/www.urolasolutions.com\/es\/beneficios-de-las-rotativas\/","title":{"rendered":"BENEFICIOS DE LAS ROTATIVAS"},"content":{"rendered":"<p>La gama de m\u00e1quinas rotativas de extrusi\u00f3n-soplado de UROLA, comparadas con las m\u00e1quinas lineales convencionales, aportan grandes ventajas al usuario, que se resumen en: <strong>gran calidad y uniformidad<\/strong> de los envases, as\u00ed como un <strong>m\u00ednimo coste<\/strong> de envase.<\/p>\n","protected":false},"excerpt":{"rendered":"<p>La gama de m\u00e1quinas rotativas de extrusi\u00f3n-soplado de UROLA, comparadas con las m\u00e1quinas lineales convencionales, aportan grandes ventajas al usuario, que se resumen en: gran calidad y uniformidad de los envases, as\u00ed como un m\u00ednimo coste de envase.<\/p>\n","protected":false},"author":1,"featured_media":0,"parent":0,"menu_order":0,"comment_status":"closed","ping_status":"closed","template":"page-templates\/template-rotativas.php","meta":[],"yoast_head":"<!-- This site is optimized with the Yoast SEO plugin v17.4 - https:\/\/yoast.com\/wordpress\/plugins\/seo\/ -->\n<meta name=\"robots\" content=\"index, follow, max-snippet:-1, max-image-preview:large, max-video-preview:-1\" \/>\n<link rel=\"canonical\" href=\"https:\/\/www.urolasolutions.com\/es\/beneficios-de-las-rotativas\/\" \/>\n<meta property=\"og:locale\" content=\"es_ES\" \/>\n<meta property=\"og:type\" content=\"article\" \/>\n<meta property=\"og:title\" content=\"BENEFICIOS DE LAS ROTATIVAS - UROLA SOLUTIONS\" \/>\n<meta property=\"og:description\" content=\"La gama de m\u00e1quinas rotativas de extrusi\u00f3n-soplado de UROLA, comparadas con las m\u00e1quinas lineales convencionales, aportan grandes ventajas al usuario, que se resumen en: gran calidad y uniformidad de los envases, as\u00ed como un m\u00ednimo coste de envase.\" \/>\n<meta property=\"og:url\" content=\"https:\/\/www.urolasolutions.com\/es\/beneficios-de-las-rotativas\/\" \/>\n<meta property=\"og:site_name\" content=\"UROLA SOLUTIONS\" \/>\n<meta property=\"article:modified_time\" content=\"2021-05-14T17:36:00+00:00\" \/>\n<meta name=\"twitter:card\" content=\"summary_large_image\" \/>\n<script type=\"application\/ld+json\" class=\"yoast-schema-graph\">{\"@context\":\"https:\/\/schema.org\",\"@graph\":[{\"@type\":\"WebSite\",\"@id\":\"https:\/\/www.urolasolutions.com\/es\/#website\",\"url\":\"https:\/\/www.urolasolutions.com\/es\/\",\"name\":\"UROLA SOLUTIONS\",\"description\":\"Tecnolog\\u00eda de soplado para envases\",\"potentialAction\":[{\"@type\":\"SearchAction\",\"target\":{\"@type\":\"EntryPoint\",\"urlTemplate\":\"https:\/\/www.urolasolutions.com\/es\/?s={search_term_string}\"},\"query-input\":\"required name=search_term_string\"}],\"inLanguage\":\"es\"},{\"@type\":\"WebPage\",\"@id\":\"https:\/\/www.urolasolutions.com\/es\/beneficios-de-las-rotativas\/#webpage\",\"url\":\"https:\/\/www.urolasolutions.com\/es\/beneficios-de-las-rotativas\/\",\"name\":\"BENEFICIOS DE LAS ROTATIVAS - UROLA SOLUTIONS\",\"isPartOf\":{\"@id\":\"https:\/\/www.urolasolutions.com\/es\/#website\"},\"datePublished\":\"2021-05-14T16:38:30+00:00\",\"dateModified\":\"2021-05-14T17:36:00+00:00\",\"breadcrumb\":{\"@id\":\"https:\/\/www.urolasolutions.com\/es\/beneficios-de-las-rotativas\/#breadcrumb\"},\"inLanguage\":\"es\",\"potentialAction\":[{\"@type\":\"ReadAction\",\"target\":[\"https:\/\/www.urolasolutions.com\/es\/beneficios-de-las-rotativas\/\"]}]},{\"@type\":\"BreadcrumbList\",\"@id\":\"https:\/\/www.urolasolutions.com\/es\/beneficios-de-las-rotativas\/#breadcrumb\",\"itemListElement\":[{\"@type\":\"ListItem\",\"position\":1,\"name\":\"Portada\",\"item\":\"https:\/\/www.urolasolutions.com\/es\/\"},{\"@type\":\"ListItem\",\"position\":2,\"name\":\"BENEFICIOS DE LAS ROTATIVAS\"}]}]}<\/script>\n<!-- \/ Yoast SEO plugin. -->","yoast_head_json":{"robots":{"index":"index","follow":"follow","max-snippet":"max-snippet:-1","max-image-preview":"max-image-preview:large","max-video-preview":"max-video-preview:-1"},"canonical":"https:\/\/www.urolasolutions.com\/es\/beneficios-de-las-rotativas\/","og_locale":"es_ES","og_type":"article","og_title":"BENEFICIOS DE LAS ROTATIVAS - UROLA SOLUTIONS","og_description":"La gama de m\u00e1quinas rotativas de extrusi\u00f3n-soplado de UROLA, comparadas con las m\u00e1quinas lineales convencionales, aportan grandes ventajas al usuario, que se resumen en: gran calidad y uniformidad de los envases, as\u00ed como un m\u00ednimo coste de envase.","og_url":"https:\/\/www.urolasolutions.com\/es\/beneficios-de-las-rotativas\/","og_site_name":"UROLA SOLUTIONS","article_modified_time":"2021-05-14T17:36:00+00:00","twitter_card":"summary_large_image","schema":{"@context":"https:\/\/schema.org","@graph":[{"@type":"WebSite","@id":"https:\/\/www.urolasolutions.com\/es\/#website","url":"https:\/\/www.urolasolutions.com\/es\/","name":"UROLA SOLUTIONS","description":"Tecnolog\u00eda de soplado para envases","potentialAction":[{"@type":"SearchAction","target":{"@type":"EntryPoint","urlTemplate":"https:\/\/www.urolasolutions.com\/es\/?s={search_term_string}"},"query-input":"required name=search_term_string"}],"inLanguage":"es"},{"@type":"WebPage","@id":"https:\/\/www.urolasolutions.com\/es\/beneficios-de-las-rotativas\/#webpage","url":"https:\/\/www.urolasolutions.com\/es\/beneficios-de-las-rotativas\/","name":"BENEFICIOS DE LAS ROTATIVAS - UROLA SOLUTIONS","isPartOf":{"@id":"https:\/\/www.urolasolutions.com\/es\/#website"},"datePublished":"2021-05-14T16:38:30+00:00","dateModified":"2021-05-14T17:36:00+00:00","breadcrumb":{"@id":"https:\/\/www.urolasolutions.com\/es\/beneficios-de-las-rotativas\/#breadcrumb"},"inLanguage":"es","potentialAction":[{"@type":"ReadAction","target":["https:\/\/www.urolasolutions.com\/es\/beneficios-de-las-rotativas\/"]}]},{"@type":"BreadcrumbList","@id":"https:\/\/www.urolasolutions.com\/es\/beneficios-de-las-rotativas\/#breadcrumb","itemListElement":[{"@type":"ListItem","position":1,"name":"Portada","item":"https:\/\/www.urolasolutions.com\/es\/"},{"@type":"ListItem","position":2,"name":"BENEFICIOS DE LAS ROTATIVAS"}]}]}},"_links":{"self":[{"href":"https:\/\/www.urolasolutions.com\/es\/wp-json\/wp\/v2\/pages\/1367"}],"collection":[{"href":"https:\/\/www.urolasolutions.com\/es\/wp-json\/wp\/v2\/pages"}],"about":[{"href":"https:\/\/www.urolasolutions.com\/es\/wp-json\/wp\/v2\/types\/page"}],"author":[{"embeddable":true,"href":"https:\/\/www.urolasolutions.com\/es\/wp-json\/wp\/v2\/users\/1"}],"replies":[{"embeddable":true,"href":"https:\/\/www.urolasolutions.com\/es\/wp-json\/wp\/v2\/comments?post=1367"}],"version-history":[{"count":1,"href":"https:\/\/www.urolasolutions.com\/es\/wp-json\/wp\/v2\/pages\/1367\/revisions"}],"predecessor-version":[{"id":1368,"href":"https:\/\/www.urolasolutions.com\/es\/wp-json\/wp\/v2\/pages\/1367\/revisions\/1368"}],"wp:attachment":[{"href":"https:\/\/www.urolasolutions.com\/es\/wp-json\/wp\/v2\/media?parent=1367"}],"curies":[{"name":"wp","href":"https:\/\/api.w.org\/{rel}","templated":true}]}}