{"id":12,"date":"2018-10-05T12:42:51","date_gmt":"2018-10-05T12:42:51","guid":{"rendered":"http:\/\/www.urolasolutions.com?page_id=12"},"modified":"2018-10-05T12:42:51","modified_gmt":"2018-10-05T12:42:51","slug":"politica-de-cookies","status":"publish","type":"page","link":"https:\/\/www.urolasolutions.com\/es\/politica-de-cookies\/","title":{"rendered":"Pol\u00edtica de cookies"},"content":{"rendered":"<p>Esta Web, al igual que la mayor\u00eda en Internet, usa cookies para mejorar la navegaci\u00f3n del Usuario. A continuaci\u00f3n encontrar\u00e1 informaci\u00f3n sobre qu\u00e9 son las \u201ccookies\u201d, el tipo de cookies que utiliza esta Web, c\u00f3mo puede desactivar las cookies en su navegador o c\u00f3mo desactivar la instalaci\u00f3n de cookies de terceros.<\/p>\n<h3>\u00bfQu\u00e9 son las cookies?<\/h3>\n<p>Las cookies son archivos que la Web, o la aplicaci\u00f3n que utiliza el Usuario, instalan en su navegador o en su dispositivo (Smartphone, tableta o televisi\u00f3n conectada) durante su visita.<\/p>\n<p>Las cookies se utilizan para:<\/p>\n<ul>\n<li>Asegurar que las p\u00e1ginas Web pueden funcionar correctamente<\/li>\n<li>Almacenar las preferencias del Usuario, el idioma o el tama\u00f1o de letra, etc.<\/li>\n<li>Conocer su experiencia de navegaci\u00f3n.<\/li>\n<li>Recopilar informaci\u00f3n estad\u00edstica an\u00f3nima, como qu\u00e9 p\u00e1ginas ha visto el Usuario o durante cu\u00e1nto tiempo la ha visitado.<\/li>\n<\/ul>\n<h3>\u00bfPor qu\u00e9 son importantes?<\/h3>\n<p>Las cookies son \u00fatiles por varios motivos. Desde un punto de vista t\u00e9cnico, permiten que las p\u00e1ginas Web funcionen de forma m\u00e1s \u00e1gil y adaptada a las preferencias del Usuario, Adem\u00e1s, ayudan a los responsables de las p\u00e1ginas Web a mejorar los servicios que ofrecen, gracias a la informaci\u00f3n estad\u00edstica que recogen a trav\u00e9s de ellas.<\/p>\n<h3>Tipos de cookies<\/h3>\n<p>En funci\u00f3n de su naturaleza, las cookies pueden clasificarse en:<\/p>\n<ul>\n<li><strong>Cookies de sesi\u00f3n<\/strong>: Son aquellas que se utilizan para recabar y almacenar datos mientras el Usuario accede a nuestro Sitio Web y se eliminan al cerrar el navegador.<\/li>\n<li><strong>Cookies persistentes<\/strong>: Son aquellas que permanecen en el equipo inform\u00e1tico del Usuario por un tiempo determinado (minutos, d\u00edas o a\u00f1os), permitiendo reconocerle como visitante de la Web y adaptar determinadas \u00e1reas de la misma, para ofrecer contenidos que se ajusten a sus preferencias.<\/li>\n<li><strong>Cookies propias<\/strong>: Son aquellas cookies que son enviadas a su ordenador y gestionadas exclusivamente por la Web, para el mejor su funcionamiento. La informaci\u00f3n que se recaba se emplea para mejorar la calidad del servicio y la experiencia del Usuario.<\/li>\n<li><strong>Cookies de terceros<\/strong>: Son aquellas establecidas por un dominio diferente de la propia Web.<\/li>\n<li><strong>Cookies t\u00e9cnicas<\/strong>: Son aquellas que permiten al usuario la navegaci\u00f3n a trav\u00e9s de una p\u00e1gina web, y la utilizaci\u00f3n de las diferentes opciones o servicios que en ella existan.<\/li>\n<li><strong>Cookies de personalizaci\u00f3n<\/strong>: Son aquellas que permiten al usuario acceder al servicio con algunas caracter\u00edsticas de car\u00e1cter general predefinidas en funci\u00f3n de una serie de criterios en el terminal del usuario como por ejemplo el idioma.<\/li>\n<li><strong>Cookies de an\u00e1lisis<\/strong>: Son aqu\u00e9llas que permiten al responsable de las mismas, el seguimiento y an\u00e1lisis del comportamiento de los usuarios de los sitios web a los que est\u00e1n vinculadas. La informaci\u00f3n recogida mediante este tipo de cookies se utiliza en la medici\u00f3n de la actividad de los sitios web.<\/li>\n<\/ul>\n<h3>\u00bfQu\u00e9 cookies utilizamos?<\/h3>\n<p>Este sitio Web puede utilizar las siguientes cookies:<\/p>\n<ul>\n<li style=\"list-style-type: none;\">\n<ul>\n<li><strong>Cookies de sesi\u00f3n<\/strong> (propias), para facilitar el manejo de la Web por parte del usuario.<\/li>\n<li>Google Analytics es una herramienta de an\u00e1lisis de Google que principalmente permite que los propietarios de Web\u2019s conozcan c\u00f3mo interact\u00faan los usuarios con su Web. Almacena cookies para poder elaborar estad\u00edsticas sobre el tr\u00e1fico y volumen de visitas de esta Web.<br \/>\n<strong>Por tanto, el ejercicio de cualquier derecho en este sentido deber\u00e1 hacerlo comunicando directamente con Google.<br \/>\n<\/strong><strong>Google Analytics<\/strong> no almacena informaci\u00f3n personal sobre los usuarios del sitio Web. Consulta el <a href=\"http:\/\/www.google.com\/analytics\/learn\/privacy.html\">documento sobre la privacidad de Google Analytics<\/a> para obtener m\u00e1s informaci\u00f3n al respecto.<\/li>\n<\/ul>\n<\/li>\n<\/ul>\n<p>En concreto:<\/p>\n<table border=\"1\" width=\"100%\" cellspacing=\"0\" cellpadding=\"0\">\n<tbody>\n<tr>\n<td valign=\"top\" width=\"144\"><strong>COOKIE<\/strong><\/td>\n<td valign=\"top\" width=\"95\"><strong>CADUCIDAD<\/strong><\/td>\n<td valign=\"top\" width=\"234\"><strong>FINALIDAD<\/strong><\/td>\n<\/tr>\n<tr>\n<td valign=\"top\" width=\"144\">PHPSESSID<\/td>\n<td valign=\"top\" width=\"95\">Cookie de sesi\u00f3n<\/td>\n<td valign=\"top\" width=\"234\">Estas cookies son un identificador de sesi\u00f3n proporcionados por el PHP para diferenciar sesiones entre usuarios. Es una cookie imprescindible (estrictamente necesaria) para la prestaci\u00f3n de los servicios que se ofertan en la web.<\/td>\n<\/tr>\n<tr>\n<td valign=\"top\" width=\"144\">_icl_current_language<\/td>\n<td valign=\"top\" width=\"95\">1 d\u00eda<\/td>\n<td>Identifica el lenguaje del usuario.<\/td>\n<\/tr>\n<tr>\n<td valign=\"top\" width=\"144\">wpml_referer_url<\/td>\n<td valign=\"top\" width=\"95\">1 d\u00eda<\/td>\n<td><span class=\"s1\">Almacena la \u00faltima p\u00e1gina visitada, para poder hacer el cambio de idioma a la misma secci\u00f3n.<\/span><\/td>\n<\/tr>\n<tr>\n<td valign=\"top\" width=\"144\">cookie_policy<\/td>\n<td valign=\"top\" width=\"95\">1 a\u00f1o<\/td>\n<td><span class=\"s1\">Almacena que el usuario acepta el uso de cookies.<\/span><\/td>\n<\/tr>\n<tr>\n<td valign=\"top\" width=\"144\">_utma<\/td>\n<td valign=\"top\" width=\"95\">2 a\u00f1os<\/td>\n<td rowspan=\"4\" valign=\"top\" width=\"234\">Estas cookies de Google Analytics generan un ID de usuario an\u00f3nimo, que es el que se utiliza para hacer recuento de cuantas veces visita el sitio un usuario. Tambi\u00e9n registra cuando fue la primera y la \u00faltima vez que visit\u00f3 la web. Utma genera un id de usuario \u00fanico, que es el que se utiliza para hacer recuento de cuantas veces visita el sitio un determinado usuario. Tambi\u00e9n registra cuando fu\u00e9 la primera y la \u00faltima vez que visit\u00f3 el sitio web. Utmb calcula cuando se ha termina una sesi\u00f3n, registrando la hora de llegada a la p\u00e1gina. Utmc comprueba si se debe mantener la sesi\u00f3n abierta o se debe crear una sesi\u00f3n nueva. Por \u00faltimo, Utmz registra el origen del usuario, as\u00ed como las palabras clave. Puede consultar la pol\u00edtica de privacidad del proveedor Google en: <a href=\"http:\/\/www.google.com\/analytics\/learn\/privacy.html\" rel=\"noopener\" target=\"_blank\">http:\/\/www.google.com\/analytics\/learn\/privacy.html<\/a><\/td>\n<\/tr>\n<tr>\n<td valign=\"top\" width=\"144\">_utmb<\/td>\n<td valign=\"top\" width=\"95\">30 minutos<\/td>\n<\/tr>\n<tr>\n<td valign=\"top\" width=\"144\">_utmc<\/td>\n<td valign=\"top\" width=\"95\">Cookie de sesi\u00f3n<\/td>\n<\/tr>\n<tr>\n<td valign=\"top\" width=\"144\">_utmz<\/td>\n<td valign=\"top\" width=\"95\">6 meses<\/td>\n<\/tr>\n<\/tbody>\n<\/table>\n<h3>\u00bfC\u00f3mo puedo configurar mis preferencias?<\/h3>\n<p><strong>El Usuario, al navegar por nuestra Web est\u00e1 consintiendo el uso de las cookies en las condiciones contenidas en la presente Pol\u00edtica de Cookies<\/strong>, sin perjuicio de que pueda ejercer su derecho a bloquear, eliminar y rechazar el uso de cookies en todo momento.<\/p>\n<p>Los navegadores son las herramientas encargadas de almacenar las cookies y desde este lugar debe efectuar su derecho a eliminaci\u00f3n o desactivaci\u00f3n de las mismas. Ni esta Web ni sus representantes legales pueden garantizar la correcta o incorrecta manipulaci\u00f3n de las cookies por parte de los mencionados navegadores.<\/p>\n<p>El Usuario puede evitar el almacenamiento de cookies configurando el navegador utilizado de manera que no se almacenen las cookies, aunque el uso de alguno de los servicios de la Web podr\u00eda ser limitado.<\/p>\n<p><strong>Para la simple navegaci\u00f3n por nuestra Web, las cookies no nos necesarias<\/strong>, por lo que puede bloquearlas o deshabilitarlas accediendo a la configuraci\u00f3n de su navegador para rechazar la instalaci\u00f3n de todas las cookies o de algunas de ellas.<\/p>\n<p>Sin embargo, <strong>el acceso al \u00e1rea privada, requiere que ciertas cookies (las propias) sean instaladas<\/strong>, por lo que si se bloquean, no se podr\u00e1 acceder.<\/p>\n<p>A continuaci\u00f3n le indicamos los links de los principales navegadores y dispositivos para que disponga de toda la informaci\u00f3n para consultar c\u00f3mo gestionar las cookies en su navegador.<\/p>\n<ul>\n<li>Internet Explorer\u2122:\n<ul>\n<li>Versi\u00f3n 9: <a href=\"http:\/\/windows.microsoft.com\/es-ES\/windows7\/How-to-manage-cookies-in-Internet-Explorer-9\">http:\/\/windows.microsoft.com\/es-ES\/windows7\/How-to-manage-cookies-in-Internet-Explorer-9<\/a><\/li>\n<li>Versi\u00f3n 10: <a href=\"http:\/\/windows.microsoft.com\/es-es\/internet-explorer\/delete-manage-cookies#ie=ie-10\">http:\/\/windows.microsoft.com\/es-es\/internet-explorer\/delete-manage-cookies#ie=ie-10<\/a><\/li>\n<li>Versi\u00f3n 11: <a href=\"http:\/\/windows.microsoft.com\/es-es\/internet-explorer\/delete-manage-cookies#ie=ie-11\">http:\/\/windows.microsoft.com\/es-es\/internet-explorer\/delete-manage-cookies#ie=ie-11<\/a><\/li>\n<li>Safari\u2122: <a href=\"http:\/\/support.apple.com\/kb\/HT1677?viewlocale=es_ES\">http:\/\/support.apple.com\/kb\/HT1677?viewlocale=es_ES<\/a><\/li>\n<\/ul>\n<\/li>\n<li>Google\u2122\n<ul>\n<li><a href=\"https:\/\/support.google.com\/chrome\/answer\/95647?hl=es&amp;hlrm=en\">https:\/\/support.google.com\/chrome\/answer\/95647?hl=es&amp;hlrm=en<\/a><\/li>\n<\/ul>\n<\/li>\n<li>Firefox\u2122: <a href=\"http:\/\/support.mozilla.org\/es\/kb\/cookies-informacion-que-los-sitios-Web-guardan-en-?redirectlocale=en-US&amp;redirectslug=Cookies\">http:\/\/support.mozilla.org\/es\/kb\/cookies-informacion-que-los-sitios-Web-guardan-en-?redirectlocale=en-US&amp;redirectslug=Cookies<\/a><\/li>\n<li>Opera\u2122: <a href=\"http:\/\/help.opera.com\/Windows\/11.50\/es-ES\/cookies.html\">http:\/\/help.opera.com\/Windows\/11.50\/es-ES\/cookies.html<\/a><\/li>\n<li>Android: <a href=\"http:\/\/support.google.com\/android\/?hl=es\">http:\/\/support.google.com\/android\/?hl=es<\/a><\/li>\n<li>Windows Phone: <a href=\"http:\/\/www.windowsphone.com\/es-ES\/how-to\/wp7\/Web\/changing-privacy-and-other-browser-settings\">http:\/\/www.windowsphone.com\/es-ES\/how-to\/wp7\/Web\/changing-privacy-and-other-browser-settings<\/a><\/li>\n<\/ul>\n<p>En el caso de las cookies de <strong>Google Analytics, esta empresa almacena las cookies en servidores ubicados en Estados Unidos<\/strong> y se compromete a no compartirla con terceros, excepto en los casos en los que sea necesario para el funcionamiento del sistema o cuando la ley obligue a tal efecto. Si desea informaci\u00f3n sobre el uso que Google da a las cookies le <a href=\"https:\/\/developers.google.com\/analytics\/devguides\/collection\/analyticsjs\/cookie-usage?hl=es&amp;csw=1\">adjuntamos este otro enlace<\/a>.<\/p>\n<p><strong>Los responsables de esta Web no se hacen responsables ni del contenido ni de la veracidad de las pol\u00edticas de privacidad que puedan tener los terceros mencionados en esta Pol\u00edtica de Cookies<\/strong>.<\/p>\n<h3>\u00bfActualizamos la Pol\u00edtica de Cookies?<\/h3>\n<p>En funci\u00f3n de los cambios que realicemos en la Web, es posible que actualicemos la Pol\u00edtica de Cookies. Por ello recomendamos revisar esta pol\u00edtica cada vez que se acceda a nuestra Web con el objetivo de estar adecuadamente informado sobre c\u00f3mo y para qu\u00e9 usamos las cookies.<\/p>\n","protected":false},"excerpt":{"rendered":"<p>Esta Web, al igual que la mayor\u00eda en Internet, usa cookies para mejorar la navegaci\u00f3n del Usuario. A continuaci\u00f3n encontrar\u00e1 informaci\u00f3n sobre qu\u00e9 son las \u201ccookies\u201d, el tipo de cookies que utiliza esta Web, c\u00f3mo puede desactivar las cookies en su navegador o c\u00f3mo desactivar la instalaci\u00f3n de cookies de terceros. \u00bfQu\u00e9 son las cookies? [&hellip;]<\/p>\n","protected":false},"author":1,"featured_media":0,"parent":0,"menu_order":0,"comment_status":"closed","ping_status":"closed","template":"","meta":[],"yoast_head":"<!-- This site is optimized with the Yoast SEO plugin v17.4 - https:\/\/yoast.com\/wordpress\/plugins\/seo\/ -->\n<meta name=\"robots\" content=\"index, follow, max-snippet:-1, max-image-preview:large, max-video-preview:-1\" \/>\n<link rel=\"canonical\" href=\"https:\/\/www.urolasolutions.com\/es\/politica-de-cookies\/\" \/>\n<meta property=\"og:locale\" content=\"es_ES\" \/>\n<meta property=\"og:type\" content=\"article\" \/>\n<meta property=\"og:title\" content=\"Pol\u00edtica de cookies - UROLA SOLUTIONS\" \/>\n<meta property=\"og:description\" content=\"Esta Web, al igual que la mayor\u00eda en Internet, usa cookies para mejorar la navegaci\u00f3n del Usuario. A continuaci\u00f3n encontrar\u00e1 informaci\u00f3n sobre qu\u00e9 son las \u201ccookies\u201d, el tipo de cookies que utiliza esta Web, c\u00f3mo puede desactivar las cookies en su navegador o c\u00f3mo desactivar la instalaci\u00f3n de cookies de terceros. \u00bfQu\u00e9 son las cookies? [&hellip;]\" \/>\n<meta property=\"og:url\" content=\"https:\/\/www.urolasolutions.com\/es\/politica-de-cookies\/\" \/>\n<meta property=\"og:site_name\" content=\"UROLA SOLUTIONS\" \/>\n<meta name=\"twitter:card\" content=\"summary_large_image\" \/>\n<meta name=\"twitter:label1\" content=\"Tiempo de lectura\" \/>\n\t<meta name=\"twitter:data1\" content=\"7 minutos\" \/>\n<script type=\"application\/ld+json\" class=\"yoast-schema-graph\">{\"@context\":\"https:\/\/schema.org\",\"@graph\":[{\"@type\":\"WebSite\",\"@id\":\"https:\/\/www.urolasolutions.com\/es\/#website\",\"url\":\"https:\/\/www.urolasolutions.com\/es\/\",\"name\":\"UROLA SOLUTIONS\",\"description\":\"Tecnolog\\u00eda de soplado para envases\",\"potentialAction\":[{\"@type\":\"SearchAction\",\"target\":{\"@type\":\"EntryPoint\",\"urlTemplate\":\"https:\/\/www.urolasolutions.com\/es\/?s={search_term_string}\"},\"query-input\":\"required name=search_term_string\"}],\"inLanguage\":\"es\"},{\"@type\":\"WebPage\",\"@id\":\"https:\/\/www.urolasolutions.com\/es\/politica-de-cookies\/#webpage\",\"url\":\"https:\/\/www.urolasolutions.com\/es\/politica-de-cookies\/\",\"name\":\"Pol\\u00edtica de cookies - UROLA SOLUTIONS\",\"isPartOf\":{\"@id\":\"https:\/\/www.urolasolutions.com\/es\/#website\"},\"datePublished\":\"2018-10-05T12:42:51+00:00\",\"dateModified\":\"2018-10-05T12:42:51+00:00\",\"breadcrumb\":{\"@id\":\"https:\/\/www.urolasolutions.com\/es\/politica-de-cookies\/#breadcrumb\"},\"inLanguage\":\"es\",\"potentialAction\":[{\"@type\":\"ReadAction\",\"target\":[\"https:\/\/www.urolasolutions.com\/es\/politica-de-cookies\/\"]}]},{\"@type\":\"BreadcrumbList\",\"@id\":\"https:\/\/www.urolasolutions.com\/es\/politica-de-cookies\/#breadcrumb\",\"itemListElement\":[{\"@type\":\"ListItem\",\"position\":1,\"name\":\"Portada\",\"item\":\"https:\/\/www.urolasolutions.com\/es\/\"},{\"@type\":\"ListItem\",\"position\":2,\"name\":\"Pol\\u00edtica de cookies\"}]}]}<\/script>\n<!-- \/ Yoast SEO plugin. -->","yoast_head_json":{"robots":{"index":"index","follow":"follow","max-snippet":"max-snippet:-1","max-image-preview":"max-image-preview:large","max-video-preview":"max-video-preview:-1"},"canonical":"https:\/\/www.urolasolutions.com\/es\/politica-de-cookies\/","og_locale":"es_ES","og_type":"article","og_title":"Pol\u00edtica de cookies - UROLA SOLUTIONS","og_description":"Esta Web, al igual que la mayor\u00eda en Internet, usa cookies para mejorar la navegaci\u00f3n del Usuario. A continuaci\u00f3n encontrar\u00e1 informaci\u00f3n sobre qu\u00e9 son las \u201ccookies\u201d, el tipo de cookies que utiliza esta Web, c\u00f3mo puede desactivar las cookies en su navegador o c\u00f3mo desactivar la instalaci\u00f3n de cookies de terceros. \u00bfQu\u00e9 son las cookies? [&hellip;]","og_url":"https:\/\/www.urolasolutions.com\/es\/politica-de-cookies\/","og_site_name":"UROLA SOLUTIONS","twitter_card":"summary_large_image","twitter_misc":{"Tiempo de lectura":"7 minutos"},"schema":{"@context":"https:\/\/schema.org","@graph":[{"@type":"WebSite","@id":"https:\/\/www.urolasolutions.com\/es\/#website","url":"https:\/\/www.urolasolutions.com\/es\/","name":"UROLA SOLUTIONS","description":"Tecnolog\u00eda de soplado para envases","potentialAction":[{"@type":"SearchAction","target":{"@type":"EntryPoint","urlTemplate":"https:\/\/www.urolasolutions.com\/es\/?s={search_term_string}"},"query-input":"required name=search_term_string"}],"inLanguage":"es"},{"@type":"WebPage","@id":"https:\/\/www.urolasolutions.com\/es\/politica-de-cookies\/#webpage","url":"https:\/\/www.urolasolutions.com\/es\/politica-de-cookies\/","name":"Pol\u00edtica de cookies - UROLA SOLUTIONS","isPartOf":{"@id":"https:\/\/www.urolasolutions.com\/es\/#website"},"datePublished":"2018-10-05T12:42:51+00:00","dateModified":"2018-10-05T12:42:51+00:00","breadcrumb":{"@id":"https:\/\/www.urolasolutions.com\/es\/politica-de-cookies\/#breadcrumb"},"inLanguage":"es","potentialAction":[{"@type":"ReadAction","target":["https:\/\/www.urolasolutions.com\/es\/politica-de-cookies\/"]}]},{"@type":"BreadcrumbList","@id":"https:\/\/www.urolasolutions.com\/es\/politica-de-cookies\/#breadcrumb","itemListElement":[{"@type":"ListItem","position":1,"name":"Portada","item":"https:\/\/www.urolasolutions.com\/es\/"},{"@type":"ListItem","position":2,"name":"Pol\u00edtica de cookies"}]}]}},"_links":{"self":[{"href":"https:\/\/www.urolasolutions.com\/es\/wp-json\/wp\/v2\/pages\/12"}],"collection":[{"href":"https:\/\/www.urolasolutions.com\/es\/wp-json\/wp\/v2\/pages"}],"about":[{"href":"https:\/\/www.urolasolutions.com\/es\/wp-json\/wp\/v2\/types\/page"}],"author":[{"embeddable":true,"href":"https:\/\/www.urolasolutions.com\/es\/wp-json\/wp\/v2\/users\/1"}],"replies":[{"embeddable":true,"href":"https:\/\/www.urolasolutions.com\/es\/wp-json\/wp\/v2\/comments?post=12"}],"version-history":[{"count":1,"href":"https:\/\/www.urolasolutions.com\/es\/wp-json\/wp\/v2\/pages\/12\/revisions"}],"predecessor-version":[{"id":13,"href":"https:\/\/www.urolasolutions.com\/es\/wp-json\/wp\/v2\/pages\/12\/revisions\/13"}],"wp:attachment":[{"href":"https:\/\/www.urolasolutions.com\/es\/wp-json\/wp\/v2\/media?parent=12"}],"curies":[{"name":"wp","href":"https:\/\/api.w.org\/{rel}","templated":true}]}}