{"id":10,"date":"2018-10-05T12:42:28","date_gmt":"2018-10-05T12:42:28","guid":{"rendered":"http:\/\/www.urolasolutions.com?page_id=10"},"modified":"2018-11-21T07:05:25","modified_gmt":"2018-11-21T07:05:25","slug":"aviso-legal-y-politica-de-privacidad","status":"publish","type":"page","link":"https:\/\/www.urolasolutions.com\/es\/aviso-legal-y-politica-de-privacidad\/","title":{"rendered":"Aviso legal y pol\u00edtica de privacidad"},"content":{"rendered":"<h4>Condiciones generales de acceso y uso del portal <strong>urolasolutions.com<\/strong><\/h4>\n<h5>El presente documento establece las Condiciones Generales de Uso de este Portal sitio WEB, propiedad de UROLA, S. COOP (en adelante, UROLA).<\/h5>\n<p>El acceso a esta WEB atribuye a quien lo realiza la condici\u00f3n de USUARIO y este acceso se encuentra condicionado a la previa lectura y aceptaci\u00f3n por parte de cualquier USUARIO de los t\u00e9rminos, condiciones, comunicaciones, advertencias y dem\u00e1s avisos legales contenidos en el presente clausulado.<\/p>\n<p>La prestaci\u00f3n del servicio del Portal y por ende, el acceso a la WEB tiene car\u00e1cter gratuito y su visualizaci\u00f3n no requiere previa suscripci\u00f3n o registro alguno, sin perjuicio de que UROLA se reserva la posibilidad de condicionar el acceso a algunos servicios espec\u00edficos previo registro del usuario mediante la cumplimentaci\u00f3n del formulario correspondiente. En los supuestos en los que el USUARIO se registre y aporte datos de car\u00e1cter personal en aras a acceder a alg\u00fan tipo de servicio espec\u00edfico, la recogida y posterior tratamiento de \u00e9stos datos les ser\u00e1 de aplicaci\u00f3n lo dispuesto en el apartado Sexto.<\/p>\n<p>Las conexiones con otros sitios WEB que pudieran existir as\u00ed como el uso que el usuario pueda hacer de las mismas est\u00e1 sujeto a las presentes Condiciones Generales de Uso, as\u00ed como a los eventuales condicionados espec\u00edficos que los citados sitios WEB requieran.<\/p>\n<p>Cualquier utilizaci\u00f3n distinta a la autorizada no est\u00e1 permitida.<\/p>\n<h2>Derechos y obligaciones del prestador de los servicios<\/h2>\n<h3>Obligaciones generales<\/h3>\n<p>UROLA, como proveedor del servicio, prestar\u00e1 los servicios ofertados en la presente WEB, y garantizar\u00e1 eficazmente la confidencialidad de las comunicaciones que pudieran existir con el usuario as\u00ed como a responder a las reclamaciones que eventualmente pudieran plantearse.<\/p>\n<p>Este sitio WEB no recoge ni almacena datos personales de sus visitantes salvo en los supuestos en los que el USUARIO facilite libre y voluntariamente los mismos.<\/p>\n<h3>Modificaciones<\/h3>\n<p>UROLA, al objeto de mejorar las prestaciones del sitio WEB, se reserva la facultad de modificar, ampliar o suspender temporalmente la presentaci\u00f3n, configuraci\u00f3n, especificaciones t\u00e9cnicas, contenidos y servicios del sitio WEB en cualquier momento, sin necesidad de preaviso.<\/p>\n<h2>Derechos y obligaciones del usuario<\/h2>\n<h3>Condiciones de uso<\/h3>\n<p>En todo momento, el usuario deber\u00e1 realizar un buen uso de los servicios prestados a trav\u00e9s de este sitio WEB, de forma que \u00e9ste no podr\u00e1 realizar actividades il\u00edcitas o aquellas que pudieran ser contrarias a la legislaci\u00f3n vigente.<\/p>\n<p>En este sentido, el USUARIO se compromete a:<\/p>\n<ul>\n<li>No realizar a trav\u00e9s de los servicios que pone a su disposici\u00f3n UROLA, ninguna acci\u00f3n que cause da\u00f1o o alg\u00fan tipo de alteraci\u00f3n en los contenidos. <\/li>\n<li>No obstaculizar el buen funcionamiento del sitio WEB.<\/li>\n<li>No causar problemas t\u00e9cnicos de ninguna \u00edndole.<\/li>\n<li>No transferir elementos susceptibles de portar virus inform\u00e1ticos o de da\u00f1ar, interferir o interceptar total o parcialmente la presente WEB.<\/li>\n<li>No intervenir o alterar el correo electr\u00f3nico de otros usuarios.<\/li>\n<\/ul>\n<p>El USUARIO est\u00e1 expresamente autorizado para visualizar toda aquella informaci\u00f3n contenida en el presente sitio WEB, as\u00ed como para efectuar reproducciones privadas de la misma en sus sistemas inform\u00e1ticos, siempre y cuando dichos contenidos sean utilizados para uso exclusivo y no sean cedidos a terceros.<\/p>\n<h2>Exclusi\u00f3n de garant\u00edas y de responsabilidad por el funcionamiento del sitio web y de sus servicios<\/h2>\n<h3>Acceso<\/h3>\n<p>Tanto el acceso a la WEB como el uso que pueda hacerse de la informaci\u00f3n contenida en la misma son de exclusiva responsabilidad del USUARIO, de forma que UROLA no responder\u00e1 de ninguna consecuencia, da\u00f1o o perjuicio que pudieran derivarse de dicho acceso o uso de informaci\u00f3n, con excepci\u00f3n de todas aquellas actuaciones que resulten de la aplicaci\u00f3n de las disposiciones legales a las que deba someterse en el estricto ejercicio de su actividad.<\/p>\n<h3>Funcionamiento del sitio web<\/h3>\n<p>UROLA no garantiza la disponibilidad y continuidad del funcionamiento del presente sitio WEB ni la de sus servicios.<\/p>\n<p>De esta forma, se excluye cualquier responsabilidad que pudiera surgir por los da\u00f1os y perjuicios de cualquier naturaleza que puedan derivarse de la falta de disponibilidad o de continuidad del funcionamiento del sitio WEB o de sus servicios.<\/p>\n<p>No obstante lo anterior, UROLA realizar\u00e1 sus mejores esfuerzos para mantener la disponibilidad continuada tanto de la presente WEB como de sus servicios.<\/p>\n<h3>Varios<\/h3>\n<p>UROLA no garantiza ni se responsabiliza de los da\u00f1os y perjuicios de toda naturaleza que se deban a las siguientes circunstancias:<\/p>\n<ul>\n<li>El conocimiento que puedan tener terceros no autorizados de las circunstancias de acceso y uso que los USUARIOS hacen del sitio WEB y de los servicios.<\/li>\n<li>La existencia de virus ni de otros elementos en los contenidos del presente sitio WEB que puedan producir alteraciones en el sistema inform\u00e1tico (software y hardware) del USUARIO o en los documentos electr\u00f3nicos y ficheros almacenados en su sistema inform\u00e1tico.<\/li>\n<li>La existencia de errores en el acceso a la WEB ni en su contenido. Por ello, el USUARIO exonera a UROLA de cualquier responsabilidad en relaci\u00f3n con la fiabilidad, utilidad o expectativas que el sitio pudiera producirle.<\/li>\n<\/ul>\n<p>Este sitio web puede utilizar cookies (peque\u00f1os archivos de informaci\u00f3n que el servidor env\u00eda al ordenador de quien accede a la p\u00e1gina) para llevar a cabo determinadas funciones que son consideradas imprescindibles para el correcto funcionamiento y visualizaci\u00f3n del sitio. Las cookies utilizadas en el sitio web tienen, en todo caso, car\u00e1cter temporal con la \u00fanica finalidad de hacer m\u00e1s eficaz su transmisi\u00f3n ulterior y desaparecen al terminar la sesi\u00f3n del usuario. En ning\u00fan caso se utilizar\u00e1n las cookies para recoger informaci\u00f3n de car\u00e1cter personal.<\/p>\n<p>El USUARIO tiene la posibilidad de configurar el navegador de su ordenador de acuerdo a sus necesidades personales, de manera que pueda advertir de la recepci\u00f3n de \u00abcookies\u00bb e impedir la instalaci\u00f3n de las mismas en el disco duro.<\/p>\n<p>Entre otras, le informamos que urolasolutions.com utiliza Google Analytics, un servicio anal\u00edtico de web prestado por Google, Inc. que se rige por las condiciones generales y pol\u00edtica de privacidad de Google accesibles en<a href=\"http:\/\/www.google.com\/analytics\/tos.html\/\">www.google.com\/analytics\/tos.html<\/a>; <a href=\"http:\/\/www.google.com\/policies\/privacy\/\">www.google.com\/policies\/privacy<\/a>.<\/p>\n<p>Google Analytics utiliza \u201ccookies\u201d que son archivos de texto ubicados en su ordenador, para ayudar al website a analizar el uso que hacen los USUARIOS del sitio web. Google usar\u00e1 esta informaci\u00f3n por cuenta nuestra con el prop\u00f3sito de seguir la pista de su uso del website, recopilando informes de la actividad del website y prestando otros servicios relacionados con la actividad website y el uso de internet.<\/p>\n<p>Ud. podr\u00e1 rechazar el tratamiento de los datos o la informaci\u00f3n rechazando el uso de \u201ccookies\u201d tanto de Google Analytics como de otras que presten servicios en cada momento, mediante la selecci\u00f3n de la configuraci\u00f3n apropiada de su navegador, sin embargo, debe Ud. saber que si lo hace es posible que no pueda disponer de la plena funcionalidad de este website.<\/p>\n<h2>Propiedad intelectual y\/o industrial<\/h2>\n<p>UROLA es titular tanto de los derechos de propiedad intelectual y\/o industrial contenidos en el presente sitio WEB como de los distintos elementos en ella contenidos, salvo que en ellas se indique que pertenecen a otro titular, por lo que pertenecer\u00e1 a sus titulares el ejercicio exclusivo de los derechos de reproducci\u00f3n, distribuci\u00f3n, comunicaci\u00f3n y transformaci\u00f3n.<\/p>\n<p>El dise\u00f1o, im\u00e1genes, mapas, gr\u00e1ficos, marcas, r\u00f3tulos, signos distintivos o logos de UROLA, frames, banners, el software y sus distintos c\u00f3digos fuente y objeto, etc. de este sitio WEB son titularidad de UROLA, que posee leg\u00edtimamente en exclusiva los derechos de explotaci\u00f3n sobre los mismos.<\/p>\n<p>El usuario que acceda a esta WEB reconoce que UROLA no cede ni transfiere al usuario ning\u00fan derecho sobre su propiedad, de forma que no puede copiar, modificar, distribuir, transmitir, reproducir, publicar, ceder, vender los elementos anteriormente mencionados o crear nuevos productos o servicios derivados de la informaci\u00f3n obtenida.<\/p>\n<p>\u00danicamente queda autorizada la visualizaci\u00f3n y carga para el uso personal y no comercial del USUARIO, sin que pueda hacerlo extensivo a terceras personas o entidades.<\/p>\n<p>Queda terminantemente prohibida la alteraci\u00f3n de esta WEB por parte del USUARIO y que pueda afectar a su contenido, tales como v\u00ednculos (o links) y similares.<\/p>\n<p>UROLA velar\u00e1 para que los contenidos de este sitio WEB no tengan car\u00e1cter pornogr\u00e1fico, xen\u00f3fobo, discriminatorio, racista, difamatorio, ni que fomenten la violencia.<\/p>\n<p>Cualquier reproducci\u00f3n, distribuci\u00f3n, comunicaci\u00f3n y transformaci\u00f3n de los contenidos que no haya sido expresamente autorizada por sus titulares constituye una infracci\u00f3n de los derechos de propiedad intelectual protegidos por la Ley.<\/p>\n<p>UROLA podr\u00e1 ejercer todas las acciones administrativas, civiles o penales que le correspondan en caso de infracci\u00f3n de estos derechos por parte del USUARIO.<\/p>\n<h2>V\u00ednculos o enlaces<\/h2>\n<p>No se podr\u00e1 establecer ning\u00fan v\u00ednculo al Portal desde cualquier otra WEB sin el previo y expreso consentimiento por escrito de UROLA.<\/p>\n<p>En el supuesto de que el presente sitio WEB pudiera contener v\u00ednculos o enlaces con otros portales o sitios WEB no gestionados por UROLA, esta sociedad manifiesta que no ejerce control alguno sobre dichos portales o sitios WEB, ni es responsable del contenido de los mismos. Los links que esta WEB pudiera contener se ofrecer\u00e1n, \u00fanicamente, a modo de referencias informativas, sin ning\u00fan tipo de valoraci\u00f3n sobre los contenidos, propietarios, servicios o productos ofrecidos desde los mismos.<\/p>\n<p>En todo caso, UROLA se exonera de toda responsabilidad en relaci\u00f3n con los servicios prestados por dichos terceros frente a cualesquiera reclamaciones de cualquier naturaleza y demandas que pudieran interponerse en relaci\u00f3n con los mismos.<\/p>\n<h2>Pol\u00edtica de privacidad. protecci\u00f3n de datos de car\u00e1cter personal<\/h2>\n<h3>Protecci\u00f3n de datos de car\u00e1cter personal<\/h3>\n<p>En aquellos casos en que se recaben datos de car\u00e1cter personal a trav\u00e9s de este sitio WEB ser\u00e1n incorporados al correspondiente fichero del que UROLA es responsable.<\/p>\n<p>En este sentido, la informaci\u00f3n recabada por UROLA a trav\u00e9s de la WEB ser\u00e1 tratada con la m\u00e1xima confidencialidad y siempre de acuerdo con lo dispuesto en la Ley Org\u00e1nica 15\/1999, de 13 de diciembre de 1999, de Protecci\u00f3n de Datos de Car\u00e1cter Personal (en adelante LOPD).<\/p>\n<p>Igualmente, UROLA se compromete a no utilizar los datos de car\u00e1cter personal objeto de tratamiento para finalidades incompatibles con aquellas para las que los datos hubieran sido recogidos.<\/p>\n<h3>Seguridad en el tratamiento, proceso inform\u00e1tico y custodia de datos<\/h3>\n<p>UROLA declara y garantiza que mantiene los niveles de seguridad de protecci\u00f3n de datos personales conforme al Real Decreto 1720\/2007 de 21 de diciembre, por el que se aprueba el Reglamento de desarrollo de la Ley Org\u00e1nica 15\/1999, de 13 de diciembre, de protecci\u00f3n de datos de car\u00e1cter personal (en adelante, RLOPD) y que ha implantado todas aquellas medidas t\u00e9cnicas y organizativas a su alcance para garantizar la seguridad de los datos de car\u00e1cter personal y evitar la p\u00e9rdida, mal uso, acceso no autorizado y robo de los datos facilitados por el USUARIO.<\/p>\n<h3>Derechos de acceso, rectificaci\u00f3n, cancelaci\u00f3n y oposici\u00f3n<\/h3>\n<p>UROLA es el responsable de todos los datos que se recogen en las diferentes secciones del sitio WEB. Si Usted lo desea, puede ejercitar, en cualquier momento, los derechos de acceso, rectificaci\u00f3n, cancelaci\u00f3n y oposici\u00f3n previstos en la LOPD, solicit\u00e1ndolo por escrito en UROLA, S. COOP. con domicilio en Urola Kalea s\/n, Legazpia Guip\u00fazcoa, <a href=\"mailto:info@urolasolutions.com\">info@urolasolutions.com<\/a>.<\/p>\n<h2>Enlaces<\/h2>\n<p>La Pol\u00edtica de Privacidad expuesta es de aplicaci\u00f3n al sitio WEB y no se garantiza en los accesos a trav\u00e9s de enlaces con este sitio, ni a los enlaces desde este sitio con otras WEBs.<\/p>\n<h2>Jurisdicci\u00f3n y legislaci\u00f3n aplicable<\/h2>\n<p>Las presentes Condiciones Generales de Uso y Navegaci\u00f3n, as\u00ed como cualquier relaci\u00f3n entre el usuario y UROLA se regir\u00e1n por la legislaci\u00f3n espa\u00f1ola.<\/p>\n<p>Para cualquier litigio derivado de la existencia o contenido de las presentes Condiciones Generales o de las relaciones entre el usuario y UROLA, ambas partes, con renuncia expresa a cualquier otro fuero que pudiera corresponderles, se someter\u00e1n a la jurisdicci\u00f3n y competencia exclusiva de los Juzgados y Tribunales de Bergara (Guip\u00fazcoa \u2013Espa\u00f1a).<\/p>\n","protected":false},"excerpt":{"rendered":"<p>Condiciones generales de acceso y uso del portal urolasolutions.com El presente documento establece las Condiciones Generales de Uso de este Portal sitio WEB, propiedad de UROLA, S. COOP (en adelante, UROLA). El acceso a esta WEB atribuye a quien lo realiza la condici\u00f3n de USUARIO y este acceso se encuentra condicionado a la previa lectura [&hellip;]<\/p>\n","protected":false},"author":1,"featured_media":0,"parent":0,"menu_order":0,"comment_status":"closed","ping_status":"closed","template":"","meta":[],"yoast_head":"<!-- This site is optimized with the Yoast SEO plugin v17.4 - https:\/\/yoast.com\/wordpress\/plugins\/seo\/ -->\n<meta name=\"robots\" content=\"index, follow, max-snippet:-1, max-image-preview:large, max-video-preview:-1\" \/>\n<link rel=\"canonical\" href=\"https:\/\/www.urolasolutions.com\/es\/aviso-legal-y-politica-de-privacidad\/\" \/>\n<meta property=\"og:locale\" content=\"es_ES\" \/>\n<meta property=\"og:type\" content=\"article\" \/>\n<meta property=\"og:title\" content=\"Aviso legal y pol\u00edtica de privacidad - UROLA SOLUTIONS\" \/>\n<meta property=\"og:description\" content=\"Condiciones generales de acceso y uso del portal urolasolutions.com El presente documento establece las Condiciones Generales de Uso de este Portal sitio WEB, propiedad de UROLA, S. COOP (en adelante, UROLA). El acceso a esta WEB atribuye a quien lo realiza la condici\u00f3n de USUARIO y este acceso se encuentra condicionado a la previa lectura [&hellip;]\" \/>\n<meta property=\"og:url\" content=\"https:\/\/www.urolasolutions.com\/es\/aviso-legal-y-politica-de-privacidad\/\" \/>\n<meta property=\"og:site_name\" content=\"UROLA SOLUTIONS\" \/>\n<meta property=\"article:modified_time\" content=\"2018-11-21T07:05:25+00:00\" \/>\n<meta name=\"twitter:card\" content=\"summary_large_image\" \/>\n<meta name=\"twitter:label1\" content=\"Tiempo de lectura\" \/>\n\t<meta name=\"twitter:data1\" content=\"10 minutos\" \/>\n<script type=\"application\/ld+json\" class=\"yoast-schema-graph\">{\"@context\":\"https:\/\/schema.org\",\"@graph\":[{\"@type\":\"WebSite\",\"@id\":\"https:\/\/www.urolasolutions.com\/es\/#website\",\"url\":\"https:\/\/www.urolasolutions.com\/es\/\",\"name\":\"UROLA SOLUTIONS\",\"description\":\"Tecnolog\\u00eda de soplado para envases\",\"potentialAction\":[{\"@type\":\"SearchAction\",\"target\":{\"@type\":\"EntryPoint\",\"urlTemplate\":\"https:\/\/www.urolasolutions.com\/es\/?s={search_term_string}\"},\"query-input\":\"required name=search_term_string\"}],\"inLanguage\":\"es\"},{\"@type\":\"WebPage\",\"@id\":\"https:\/\/www.urolasolutions.com\/es\/aviso-legal-y-politica-de-privacidad\/#webpage\",\"url\":\"https:\/\/www.urolasolutions.com\/es\/aviso-legal-y-politica-de-privacidad\/\",\"name\":\"Aviso legal y pol\\u00edtica de privacidad - UROLA SOLUTIONS\",\"isPartOf\":{\"@id\":\"https:\/\/www.urolasolutions.com\/es\/#website\"},\"datePublished\":\"2018-10-05T12:42:28+00:00\",\"dateModified\":\"2018-11-21T07:05:25+00:00\",\"breadcrumb\":{\"@id\":\"https:\/\/www.urolasolutions.com\/es\/aviso-legal-y-politica-de-privacidad\/#breadcrumb\"},\"inLanguage\":\"es\",\"potentialAction\":[{\"@type\":\"ReadAction\",\"target\":[\"https:\/\/www.urolasolutions.com\/es\/aviso-legal-y-politica-de-privacidad\/\"]}]},{\"@type\":\"BreadcrumbList\",\"@id\":\"https:\/\/www.urolasolutions.com\/es\/aviso-legal-y-politica-de-privacidad\/#breadcrumb\",\"itemListElement\":[{\"@type\":\"ListItem\",\"position\":1,\"name\":\"Portada\",\"item\":\"https:\/\/www.urolasolutions.com\/es\/\"},{\"@type\":\"ListItem\",\"position\":2,\"name\":\"Aviso legal y pol\\u00edtica de privacidad\"}]}]}<\/script>\n<!-- \/ Yoast SEO plugin. -->","yoast_head_json":{"robots":{"index":"index","follow":"follow","max-snippet":"max-snippet:-1","max-image-preview":"max-image-preview:large","max-video-preview":"max-video-preview:-1"},"canonical":"https:\/\/www.urolasolutions.com\/es\/aviso-legal-y-politica-de-privacidad\/","og_locale":"es_ES","og_type":"article","og_title":"Aviso legal y pol\u00edtica de privacidad - UROLA SOLUTIONS","og_description":"Condiciones generales de acceso y uso del portal urolasolutions.com El presente documento establece las Condiciones Generales de Uso de este Portal sitio WEB, propiedad de UROLA, S. COOP (en adelante, UROLA). El acceso a esta WEB atribuye a quien lo realiza la condici\u00f3n de USUARIO y este acceso se encuentra condicionado a la previa lectura [&hellip;]","og_url":"https:\/\/www.urolasolutions.com\/es\/aviso-legal-y-politica-de-privacidad\/","og_site_name":"UROLA SOLUTIONS","article_modified_time":"2018-11-21T07:05:25+00:00","twitter_card":"summary_large_image","twitter_misc":{"Tiempo de lectura":"10 minutos"},"schema":{"@context":"https:\/\/schema.org","@graph":[{"@type":"WebSite","@id":"https:\/\/www.urolasolutions.com\/es\/#website","url":"https:\/\/www.urolasolutions.com\/es\/","name":"UROLA SOLUTIONS","description":"Tecnolog\u00eda de soplado para envases","potentialAction":[{"@type":"SearchAction","target":{"@type":"EntryPoint","urlTemplate":"https:\/\/www.urolasolutions.com\/es\/?s={search_term_string}"},"query-input":"required name=search_term_string"}],"inLanguage":"es"},{"@type":"WebPage","@id":"https:\/\/www.urolasolutions.com\/es\/aviso-legal-y-politica-de-privacidad\/#webpage","url":"https:\/\/www.urolasolutions.com\/es\/aviso-legal-y-politica-de-privacidad\/","name":"Aviso legal y pol\u00edtica de privacidad - UROLA SOLUTIONS","isPartOf":{"@id":"https:\/\/www.urolasolutions.com\/es\/#website"},"datePublished":"2018-10-05T12:42:28+00:00","dateModified":"2018-11-21T07:05:25+00:00","breadcrumb":{"@id":"https:\/\/www.urolasolutions.com\/es\/aviso-legal-y-politica-de-privacidad\/#breadcrumb"},"inLanguage":"es","potentialAction":[{"@type":"ReadAction","target":["https:\/\/www.urolasolutions.com\/es\/aviso-legal-y-politica-de-privacidad\/"]}]},{"@type":"BreadcrumbList","@id":"https:\/\/www.urolasolutions.com\/es\/aviso-legal-y-politica-de-privacidad\/#breadcrumb","itemListElement":[{"@type":"ListItem","position":1,"name":"Portada","item":"https:\/\/www.urolasolutions.com\/es\/"},{"@type":"ListItem","position":2,"name":"Aviso legal y pol\u00edtica de privacidad"}]}]}},"_links":{"self":[{"href":"https:\/\/www.urolasolutions.com\/es\/wp-json\/wp\/v2\/pages\/10"}],"collection":[{"href":"https:\/\/www.urolasolutions.com\/es\/wp-json\/wp\/v2\/pages"}],"about":[{"href":"https:\/\/www.urolasolutions.com\/es\/wp-json\/wp\/v2\/types\/page"}],"author":[{"embeddable":true,"href":"https:\/\/www.urolasolutions.com\/es\/wp-json\/wp\/v2\/users\/1"}],"replies":[{"embeddable":true,"href":"https:\/\/www.urolasolutions.com\/es\/wp-json\/wp\/v2\/comments?post=10"}],"version-history":[{"count":4,"href":"https:\/\/www.urolasolutions.com\/es\/wp-json\/wp\/v2\/pages\/10\/revisions"}],"predecessor-version":[{"id":363,"href":"https:\/\/www.urolasolutions.com\/es\/wp-json\/wp\/v2\/pages\/10\/revisions\/363"}],"wp:attachment":[{"href":"https:\/\/www.urolasolutions.com\/es\/wp-json\/wp\/v2\/media?parent=10"}],"curies":[{"name":"wp","href":"https:\/\/api.w.org\/{rel}","templated":true}]}}